{"id":14303,"date":"2022-02-15T15:47:21","date_gmt":"2022-02-15T14:47:21","guid":{"rendered":"https:\/\/pavechocolats.com\/produit\/porto\/"},"modified":"2024-06-11T13:02:44","modified_gmt":"2024-06-11T11:02:44","slug":"porto","status":"publish","type":"product","link":"https:\/\/pavechocolats.com\/es\/producto\/porto\/","title":{"rendered":"Porto"},"content":{"rendered":"","protected":false},"excerpt":{"rendered":"<p>Pack original incluant une tasse \u00e0 caf\u00e9 et sa sous-tasse. R\u00e9alis\u00e9 en c\u00e9ramique avec une finition velours, ce pack est l&#8217;attention originale parfaite.<\/p>\n<p><a href=\"https:\/\/pavechocolats.com\/wp-content\/uploads\/\"><img decoding=\"async\" class=\"alignnone wp-image-2889 size-full\" src=\"https:\/\/pavechocolats.com\/wp-content\/uploads\/\" alt=\" width=\" height=\"60\" \/><\/a><\/p>\n<p><a href=\"https:\/\/pavechocolats.com\/wp-content\/uploads\/\"><img decoding=\"async\" class=\"alignnone wp-image-2890 size-full\" src=\"https:\/\/pavechocolats.com\/wp-content\/uploads\/\" alt=\" width=\" height=\"60\" \/><\/a><\/p>\n<p><a href=\"https:\/\/pavechocolats.com\/wp-content\/uploads\/\"><img decoding=\"async\" class=\"alignnone wp-image-2891 size-full\" src=\"https:\/\/pavechocolats.com\/wp-content\/uploads\/\" alt=\" width=\" height=\"60\" \/><\/a><\/p>\n","protected":false},"featured_media":19871,"comment_status":"closed","ping_status":"closed","template":"","meta":{"sfsi_plus_gutenberg_text_before_share":"","sfsi_plus_gutenberg_show_text_before_share":"","sfsi_plus_gutenberg_icon_type":"","sfsi_plus_gutenberg_icon_alignemt":"","sfsi_plus_gutenburg_max_per_row":""},"product_brand":[],"product_cat":[622,316,278],"product_tag":[285,284,484,289,317],"class_list":{"0":"post-14303","1":"product","2":"type-product","3":"status-publish","4":"has-post-thumbnail","6":"product_cat-uncategorized-es","7":"product_cat-cajas-de-regalo","8":"product_cat-todos-los-productos","9":"product_tag-entrega-24h-casablanca","10":"product_tag-entrega-3h-casablanca-2","11":"product_tag-livraison-internationale-es","12":"product_tag-entrega-marruecos","13":"product_tag-profesional","14":"product_shipping_class-marruecos-es","15":"pa_grammage-210-es","16":"pa_options-100-chocolate-con-leche-es","17":"pa_options-100-chocolate-amargo","18":"pa_options-chocolate-con-leche-y-mezcla-oscura","20":"first","21":"instock","22":"purchasable","23":"product-type-variable"},"yoast_head":"<!-- This site is optimized with the Yoast SEO plugin v26.5 - https:\/\/yoast.com\/wordpress\/plugins\/seo\/ -->\n<title>Porto - Pav\u00e9 Chocolats<\/title>\n<meta name=\"robots\" content=\"index, follow, max-snippet:-1, max-image-preview:large, max-video-preview:-1\" \/>\n<link rel=\"canonical\" href=\"https:\/\/pavechocolats.com\/es\/producto\/porto\/\" \/>\n<meta property=\"og:locale\" content=\"es_ES\" \/>\n<meta property=\"og:type\" content=\"article\" \/>\n<meta property=\"og:title\" content=\"Porto - Pav\u00e9 Chocolats\" \/>\n<meta property=\"og:description\" content=\"Pack original incluant une tasse \u00e0 caf\u00e9 et sa sous-tasse. R\u00e9alis\u00e9 en c\u00e9ramique avec une finition velours, ce pack est l&#039;attention originale parfaite.\" \/>\n<meta property=\"og:url\" content=\"https:\/\/pavechocolats.com\/es\/producto\/porto\/\" \/>\n<meta property=\"og:site_name\" content=\"Pav\u00e9 Chocolats\" \/>\n<meta property=\"article:publisher\" content=\"https:\/\/www.facebook.com\/pavechocolats\/\" \/>\n<meta property=\"article:modified_time\" content=\"2024-06-11T11:02:44+00:00\" \/>\n<meta property=\"og:image\" content=\"https:\/\/pavechocolats.com\/wp-content\/uploads\/2022\/02\/WhatsApp-Image-2024-06-10-at-15.37.14-1.jpeg\" \/>\n\t<meta property=\"og:image:width\" content=\"1262\" \/>\n\t<meta property=\"og:image:height\" content=\"1600\" \/>\n\t<meta property=\"og:image:type\" content=\"image\/jpeg\" \/>\n<meta name=\"twitter:card\" content=\"summary_large_image\" \/>\n<script type=\"application\/ld+json\" class=\"yoast-schema-graph\">{\"@context\":\"https:\/\/schema.org\",\"@graph\":[{\"@type\":\"WebPage\",\"@id\":\"https:\/\/pavechocolats.com\/es\/producto\/porto\/\",\"url\":\"https:\/\/pavechocolats.com\/es\/producto\/porto\/\",\"name\":\"Porto - Pav\u00e9 Chocolats\",\"isPartOf\":{\"@id\":\"https:\/\/pavechocolats.com\/es\/#website\"},\"primaryImageOfPage\":{\"@id\":\"https:\/\/pavechocolats.com\/es\/producto\/porto\/#primaryimage\"},\"image\":{\"@id\":\"https:\/\/pavechocolats.com\/es\/producto\/porto\/#primaryimage\"},\"thumbnailUrl\":\"https:\/\/pavechocolats.com\/wp-content\/uploads\/2022\/02\/WhatsApp-Image-2024-06-10-at-15.37.14-1.jpeg\",\"datePublished\":\"2022-02-15T14:47:21+00:00\",\"dateModified\":\"2024-06-11T11:02:44+00:00\",\"breadcrumb\":{\"@id\":\"https:\/\/pavechocolats.com\/es\/producto\/porto\/#breadcrumb\"},\"inLanguage\":\"es\",\"potentialAction\":[{\"@type\":\"ReadAction\",\"target\":[\"https:\/\/pavechocolats.com\/es\/producto\/porto\/\"]}]},{\"@type\":\"ImageObject\",\"inLanguage\":\"es\",\"@id\":\"https:\/\/pavechocolats.com\/es\/producto\/porto\/#primaryimage\",\"url\":\"https:\/\/pavechocolats.com\/wp-content\/uploads\/2022\/02\/WhatsApp-Image-2024-06-10-at-15.37.14-1.jpeg\",\"contentUrl\":\"https:\/\/pavechocolats.com\/wp-content\/uploads\/2022\/02\/WhatsApp-Image-2024-06-10-at-15.37.14-1.jpeg\",\"width\":1262,\"height\":1600},{\"@type\":\"BreadcrumbList\",\"@id\":\"https:\/\/pavechocolats.com\/es\/producto\/porto\/#breadcrumb\",\"itemListElement\":[{\"@type\":\"ListItem\",\"position\":1,\"name\":\"Accueil\",\"item\":\"https:\/\/pavechocolats.com\/es\/chocolates-pave\/\"},{\"@type\":\"ListItem\",\"position\":2,\"name\":\"Boutique\",\"item\":\"https:\/\/pavechocolats.com\/boutique\/\"},{\"@type\":\"ListItem\",\"position\":3,\"name\":\"Porto\"}]},{\"@type\":\"WebSite\",\"@id\":\"https:\/\/pavechocolats.com\/es\/#website\",\"url\":\"https:\/\/pavechocolats.com\/es\/\",\"name\":\"Pav\u00e9 Chocolats\",\"description\":\"\",\"publisher\":{\"@id\":\"https:\/\/pavechocolats.com\/es\/#organization\"},\"potentialAction\":[{\"@type\":\"SearchAction\",\"target\":{\"@type\":\"EntryPoint\",\"urlTemplate\":\"https:\/\/pavechocolats.com\/es\/?s={search_term_string}\"},\"query-input\":{\"@type\":\"PropertyValueSpecification\",\"valueRequired\":true,\"valueName\":\"search_term_string\"}}],\"inLanguage\":\"es\"},{\"@type\":\"Organization\",\"@id\":\"https:\/\/pavechocolats.com\/es\/#organization\",\"name\":\"Pav\u00e9 Chocolats\",\"url\":\"https:\/\/pavechocolats.com\/es\/\",\"logo\":{\"@type\":\"ImageObject\",\"inLanguage\":\"es\",\"@id\":\"https:\/\/pavechocolats.com\/es\/#\/schema\/logo\/image\/\",\"url\":\"https:\/\/pavechocolats.com\/wp-content\/uploads\/2025\/11\/Pave-New-Logo.svg\",\"contentUrl\":\"https:\/\/pavechocolats.com\/wp-content\/uploads\/2025\/11\/Pave-New-Logo.svg\",\"width\":1,\"height\":1,\"caption\":\"Pav\u00e9 Chocolats\"},\"image\":{\"@id\":\"https:\/\/pavechocolats.com\/es\/#\/schema\/logo\/image\/\"},\"sameAs\":[\"https:\/\/www.facebook.com\/pavechocolats\/\",\"https:\/\/www.instagram.com\/pavechocolats\"]}]}<\/script>\n<!-- \/ Yoast SEO plugin. -->","yoast_head_json":{"title":"Porto - Pav\u00e9 Chocolats","robots":{"index":"index","follow":"follow","max-snippet":"max-snippet:-1","max-image-preview":"max-image-preview:large","max-video-preview":"max-video-preview:-1"},"canonical":"https:\/\/pavechocolats.com\/es\/producto\/porto\/","og_locale":"es_ES","og_type":"article","og_title":"Porto - Pav\u00e9 Chocolats","og_description":"Pack original incluant une tasse \u00e0 caf\u00e9 et sa sous-tasse. R\u00e9alis\u00e9 en c\u00e9ramique avec une finition velours, ce pack est l'attention originale parfaite.","og_url":"https:\/\/pavechocolats.com\/es\/producto\/porto\/","og_site_name":"Pav\u00e9 Chocolats","article_publisher":"https:\/\/www.facebook.com\/pavechocolats\/","article_modified_time":"2024-06-11T11:02:44+00:00","og_image":[{"width":1262,"height":1600,"url":"https:\/\/pavechocolats.com\/wp-content\/uploads\/2022\/02\/WhatsApp-Image-2024-06-10-at-15.37.14-1.jpeg","type":"image\/jpeg"}],"twitter_card":"summary_large_image","schema":{"@context":"https:\/\/schema.org","@graph":[{"@type":"WebPage","@id":"https:\/\/pavechocolats.com\/es\/producto\/porto\/","url":"https:\/\/pavechocolats.com\/es\/producto\/porto\/","name":"Porto - Pav\u00e9 Chocolats","isPartOf":{"@id":"https:\/\/pavechocolats.com\/es\/#website"},"primaryImageOfPage":{"@id":"https:\/\/pavechocolats.com\/es\/producto\/porto\/#primaryimage"},"image":{"@id":"https:\/\/pavechocolats.com\/es\/producto\/porto\/#primaryimage"},"thumbnailUrl":"https:\/\/pavechocolats.com\/wp-content\/uploads\/2022\/02\/WhatsApp-Image-2024-06-10-at-15.37.14-1.jpeg","datePublished":"2022-02-15T14:47:21+00:00","dateModified":"2024-06-11T11:02:44+00:00","breadcrumb":{"@id":"https:\/\/pavechocolats.com\/es\/producto\/porto\/#breadcrumb"},"inLanguage":"es","potentialAction":[{"@type":"ReadAction","target":["https:\/\/pavechocolats.com\/es\/producto\/porto\/"]}]},{"@type":"ImageObject","inLanguage":"es","@id":"https:\/\/pavechocolats.com\/es\/producto\/porto\/#primaryimage","url":"https:\/\/pavechocolats.com\/wp-content\/uploads\/2022\/02\/WhatsApp-Image-2024-06-10-at-15.37.14-1.jpeg","contentUrl":"https:\/\/pavechocolats.com\/wp-content\/uploads\/2022\/02\/WhatsApp-Image-2024-06-10-at-15.37.14-1.jpeg","width":1262,"height":1600},{"@type":"BreadcrumbList","@id":"https:\/\/pavechocolats.com\/es\/producto\/porto\/#breadcrumb","itemListElement":[{"@type":"ListItem","position":1,"name":"Accueil","item":"https:\/\/pavechocolats.com\/es\/chocolates-pave\/"},{"@type":"ListItem","position":2,"name":"Boutique","item":"https:\/\/pavechocolats.com\/boutique\/"},{"@type":"ListItem","position":3,"name":"Porto"}]},{"@type":"WebSite","@id":"https:\/\/pavechocolats.com\/es\/#website","url":"https:\/\/pavechocolats.com\/es\/","name":"Pav\u00e9 Chocolats","description":"","publisher":{"@id":"https:\/\/pavechocolats.com\/es\/#organization"},"potentialAction":[{"@type":"SearchAction","target":{"@type":"EntryPoint","urlTemplate":"https:\/\/pavechocolats.com\/es\/?s={search_term_string}"},"query-input":{"@type":"PropertyValueSpecification","valueRequired":true,"valueName":"search_term_string"}}],"inLanguage":"es"},{"@type":"Organization","@id":"https:\/\/pavechocolats.com\/es\/#organization","name":"Pav\u00e9 Chocolats","url":"https:\/\/pavechocolats.com\/es\/","logo":{"@type":"ImageObject","inLanguage":"es","@id":"https:\/\/pavechocolats.com\/es\/#\/schema\/logo\/image\/","url":"https:\/\/pavechocolats.com\/wp-content\/uploads\/2025\/11\/Pave-New-Logo.svg","contentUrl":"https:\/\/pavechocolats.com\/wp-content\/uploads\/2025\/11\/Pave-New-Logo.svg","width":1,"height":1,"caption":"Pav\u00e9 Chocolats"},"image":{"@id":"https:\/\/pavechocolats.com\/es\/#\/schema\/logo\/image\/"},"sameAs":["https:\/\/www.facebook.com\/pavechocolats\/","https:\/\/www.instagram.com\/pavechocolats"]}]}},"_links":{"self":[{"href":"https:\/\/pavechocolats.com\/es\/wp-json\/wp\/v2\/product\/14303","targetHints":{"allow":["GET"]}}],"collection":[{"href":"https:\/\/pavechocolats.com\/es\/wp-json\/wp\/v2\/product"}],"about":[{"href":"https:\/\/pavechocolats.com\/es\/wp-json\/wp\/v2\/types\/product"}],"replies":[{"embeddable":true,"href":"https:\/\/pavechocolats.com\/es\/wp-json\/wp\/v2\/comments?post=14303"}],"wp:featuredmedia":[{"embeddable":true,"href":"https:\/\/pavechocolats.com\/es\/wp-json\/wp\/v2\/media\/19871"}],"wp:attachment":[{"href":"https:\/\/pavechocolats.com\/es\/wp-json\/wp\/v2\/media?parent=14303"}],"wp:term":[{"taxonomy":"product_brand","embeddable":true,"href":"https:\/\/pavechocolats.com\/es\/wp-json\/wp\/v2\/product_brand?post=14303"},{"taxonomy":"product_cat","embeddable":true,"href":"https:\/\/pavechocolats.com\/es\/wp-json\/wp\/v2\/product_cat?post=14303"},{"taxonomy":"product_tag","embeddable":true,"href":"https:\/\/pavechocolats.com\/es\/wp-json\/wp\/v2\/product_tag?post=14303"}],"curies":[{"name":"wp","href":"https:\/\/api.w.org\/{rel}","templated":true}]}}