{"id":14275,"date":"2022-02-15T15:47:21","date_gmt":"2022-02-15T14:47:21","guid":{"rendered":"https:\/\/pavechocolats.com\/produit\/rosa-3\/"},"modified":"2022-03-31T17:20:57","modified_gmt":"2022-03-31T15:20:57","slug":"rosa-3","status":"publish","type":"product","link":"https:\/\/pavechocolats.com\/es\/producto\/rosa-3\/","title":{"rendered":"Bellar 1"},"content":{"rendered":"","protected":false},"excerpt":{"rendered":"<p>La sobriedad y el prestigio de nuestros magn\u00edficos BELLAR se ven reforzados por nuestros deliciosos d\u00e1tiles rellenos y recubiertos, chocolates y bolas energ\u00e9ticas.<br \/>\nMezcla de chocolate con leche y chocolate negro<\/p>\n<p><a href=\"https:\/\/pavechocolats.com\/wp-content\/uploads\/\"><img decoding=\"async\" class=\"alignnone wp-image-2889 size-full\" src=\"https:\/\/pavechocolats.com\/wp-content\/uploads\/\" alt=\" width=\" height=\"60\" \/><\/a><\/p>\n<p><a href=\"https:\/\/pavechocolats.com\/wp-content\/uploads\/\"><img decoding=\"async\" class=\"alignnone wp-image-2890 size-full\" src=\"https:\/\/pavechocolats.com\/wp-content\/uploads\/\" alt=\" width=\" height=\"60\" \/><\/a><\/p>\n<p><a href=\"https:\/\/pavechocolats.com\/wp-content\/uploads\/\"><img decoding=\"async\" class=\"alignnone wp-image-2891 size-full\" src=\"https:\/\/pavechocolats.com\/wp-content\/uploads\/\" alt=\" width=\" height=\"60\" \/><\/a><\/p>\n","protected":false},"featured_media":17497,"comment_status":"closed","ping_status":"closed","template":"","meta":{"sfsi_plus_gutenberg_text_before_share":"","sfsi_plus_gutenberg_show_text_before_share":"","sfsi_plus_gutenberg_icon_type":"","sfsi_plus_gutenberg_icon_alignemt":"","sfsi_plus_gutenburg_max_per_row":""},"product_brand":[],"product_cat":[316,278],"product_tag":[346,314,311,285,284,287,317],"class_list":{"0":"post-14275","1":"product","2":"type-product","3":"status-publish","4":"has-post-thumbnail","6":"product_cat-cajas-de-regalo","7":"product_cat-todos-los-productos","8":"product_tag-noche-con-amigos","9":"product_tag-chic-tradicional","10":"product_tag-cortes","11":"product_tag-entrega-24h-casablanca","12":"product_tag-entrega-3h-casablanca-2","13":"product_tag-regalo-clinico-es","14":"product_tag-profesional","15":"pa_options-chocolate-con-leche-y-mezcla-oscura","17":"first","18":"instock","19":"purchasable","20":"product-type-simple"},"yoast_head":"<!-- This site is optimized with the Yoast SEO plugin v26.5 - https:\/\/yoast.com\/wordpress\/plugins\/seo\/ -->\n<title>Bellar 1 - Pav\u00e9 Chocolats<\/title>\n<meta name=\"robots\" content=\"index, follow, max-snippet:-1, max-image-preview:large, max-video-preview:-1\" \/>\n<link rel=\"canonical\" href=\"https:\/\/pavechocolats.com\/es\/producto\/rosa-3\/\" \/>\n<meta property=\"og:locale\" content=\"es_ES\" \/>\n<meta property=\"og:type\" content=\"article\" \/>\n<meta property=\"og:title\" content=\"Bellar 1 - Pav\u00e9 Chocolats\" \/>\n<meta property=\"og:description\" content=\"La sobriedad y el prestigio de nuestros magn\u00edficos BELLAR se ven reforzados por nuestros deliciosos d\u00e1tiles rellenos y recubiertos, chocolates y bolas energ\u00e9ticas. Mezcla de chocolate con leche y chocolate negro\" \/>\n<meta property=\"og:url\" content=\"https:\/\/pavechocolats.com\/es\/producto\/rosa-3\/\" \/>\n<meta property=\"og:site_name\" content=\"Pav\u00e9 Chocolats\" \/>\n<meta property=\"article:publisher\" content=\"https:\/\/www.facebook.com\/pavechocolats\/\" \/>\n<meta property=\"article:modified_time\" content=\"2022-03-31T15:20:57+00:00\" \/>\n<meta property=\"og:image\" content=\"https:\/\/pavechocolats.com\/wp-content\/uploads\/2022\/02\/Bellar-1-1.jpg\" \/>\n\t<meta property=\"og:image:width\" content=\"600\" \/>\n\t<meta property=\"og:image:height\" content=\"600\" \/>\n\t<meta property=\"og:image:type\" content=\"image\/jpeg\" \/>\n<meta name=\"twitter:card\" content=\"summary_large_image\" \/>\n<script type=\"application\/ld+json\" class=\"yoast-schema-graph\">{\"@context\":\"https:\/\/schema.org\",\"@graph\":[{\"@type\":\"WebPage\",\"@id\":\"https:\/\/pavechocolats.com\/es\/producto\/rosa-3\/\",\"url\":\"https:\/\/pavechocolats.com\/es\/producto\/rosa-3\/\",\"name\":\"Bellar 1 - Pav\u00e9 Chocolats\",\"isPartOf\":{\"@id\":\"https:\/\/pavechocolats.com\/es\/#website\"},\"primaryImageOfPage\":{\"@id\":\"https:\/\/pavechocolats.com\/es\/producto\/rosa-3\/#primaryimage\"},\"image\":{\"@id\":\"https:\/\/pavechocolats.com\/es\/producto\/rosa-3\/#primaryimage\"},\"thumbnailUrl\":\"https:\/\/pavechocolats.com\/wp-content\/uploads\/2022\/02\/Bellar-1-1.jpg\",\"datePublished\":\"2022-02-15T14:47:21+00:00\",\"dateModified\":\"2022-03-31T15:20:57+00:00\",\"breadcrumb\":{\"@id\":\"https:\/\/pavechocolats.com\/es\/producto\/rosa-3\/#breadcrumb\"},\"inLanguage\":\"es\",\"potentialAction\":[{\"@type\":\"ReadAction\",\"target\":[\"https:\/\/pavechocolats.com\/es\/producto\/rosa-3\/\"]}]},{\"@type\":\"ImageObject\",\"inLanguage\":\"es\",\"@id\":\"https:\/\/pavechocolats.com\/es\/producto\/rosa-3\/#primaryimage\",\"url\":\"https:\/\/pavechocolats.com\/wp-content\/uploads\/2022\/02\/Bellar-1-1.jpg\",\"contentUrl\":\"https:\/\/pavechocolats.com\/wp-content\/uploads\/2022\/02\/Bellar-1-1.jpg\",\"width\":600,\"height\":600},{\"@type\":\"BreadcrumbList\",\"@id\":\"https:\/\/pavechocolats.com\/es\/producto\/rosa-3\/#breadcrumb\",\"itemListElement\":[{\"@type\":\"ListItem\",\"position\":1,\"name\":\"Accueil\",\"item\":\"https:\/\/pavechocolats.com\/es\/chocolates-pave\/\"},{\"@type\":\"ListItem\",\"position\":2,\"name\":\"Boutique\",\"item\":\"https:\/\/pavechocolats.com\/boutique\/\"},{\"@type\":\"ListItem\",\"position\":3,\"name\":\"Bellar 1\"}]},{\"@type\":\"WebSite\",\"@id\":\"https:\/\/pavechocolats.com\/es\/#website\",\"url\":\"https:\/\/pavechocolats.com\/es\/\",\"name\":\"Pav\u00e9 Chocolats\",\"description\":\"\",\"publisher\":{\"@id\":\"https:\/\/pavechocolats.com\/es\/#organization\"},\"potentialAction\":[{\"@type\":\"SearchAction\",\"target\":{\"@type\":\"EntryPoint\",\"urlTemplate\":\"https:\/\/pavechocolats.com\/es\/?s={search_term_string}\"},\"query-input\":{\"@type\":\"PropertyValueSpecification\",\"valueRequired\":true,\"valueName\":\"search_term_string\"}}],\"inLanguage\":\"es\"},{\"@type\":\"Organization\",\"@id\":\"https:\/\/pavechocolats.com\/es\/#organization\",\"name\":\"Pav\u00e9 Chocolats\",\"url\":\"https:\/\/pavechocolats.com\/es\/\",\"logo\":{\"@type\":\"ImageObject\",\"inLanguage\":\"es\",\"@id\":\"https:\/\/pavechocolats.com\/es\/#\/schema\/logo\/image\/\",\"url\":\"https:\/\/pavechocolats.com\/wp-content\/uploads\/2025\/11\/Pave-New-Logo.svg\",\"contentUrl\":\"https:\/\/pavechocolats.com\/wp-content\/uploads\/2025\/11\/Pave-New-Logo.svg\",\"width\":1,\"height\":1,\"caption\":\"Pav\u00e9 Chocolats\"},\"image\":{\"@id\":\"https:\/\/pavechocolats.com\/es\/#\/schema\/logo\/image\/\"},\"sameAs\":[\"https:\/\/www.facebook.com\/pavechocolats\/\",\"https:\/\/www.instagram.com\/pavechocolats\"]}]}<\/script>\n<!-- \/ Yoast SEO plugin. -->","yoast_head_json":{"title":"Bellar 1 - Pav\u00e9 Chocolats","robots":{"index":"index","follow":"follow","max-snippet":"max-snippet:-1","max-image-preview":"max-image-preview:large","max-video-preview":"max-video-preview:-1"},"canonical":"https:\/\/pavechocolats.com\/es\/producto\/rosa-3\/","og_locale":"es_ES","og_type":"article","og_title":"Bellar 1 - Pav\u00e9 Chocolats","og_description":"La sobriedad y el prestigio de nuestros magn\u00edficos BELLAR se ven reforzados por nuestros deliciosos d\u00e1tiles rellenos y recubiertos, chocolates y bolas energ\u00e9ticas. Mezcla de chocolate con leche y chocolate negro","og_url":"https:\/\/pavechocolats.com\/es\/producto\/rosa-3\/","og_site_name":"Pav\u00e9 Chocolats","article_publisher":"https:\/\/www.facebook.com\/pavechocolats\/","article_modified_time":"2022-03-31T15:20:57+00:00","og_image":[{"width":600,"height":600,"url":"https:\/\/pavechocolats.com\/wp-content\/uploads\/2022\/02\/Bellar-1-1.jpg","type":"image\/jpeg"}],"twitter_card":"summary_large_image","schema":{"@context":"https:\/\/schema.org","@graph":[{"@type":"WebPage","@id":"https:\/\/pavechocolats.com\/es\/producto\/rosa-3\/","url":"https:\/\/pavechocolats.com\/es\/producto\/rosa-3\/","name":"Bellar 1 - Pav\u00e9 Chocolats","isPartOf":{"@id":"https:\/\/pavechocolats.com\/es\/#website"},"primaryImageOfPage":{"@id":"https:\/\/pavechocolats.com\/es\/producto\/rosa-3\/#primaryimage"},"image":{"@id":"https:\/\/pavechocolats.com\/es\/producto\/rosa-3\/#primaryimage"},"thumbnailUrl":"https:\/\/pavechocolats.com\/wp-content\/uploads\/2022\/02\/Bellar-1-1.jpg","datePublished":"2022-02-15T14:47:21+00:00","dateModified":"2022-03-31T15:20:57+00:00","breadcrumb":{"@id":"https:\/\/pavechocolats.com\/es\/producto\/rosa-3\/#breadcrumb"},"inLanguage":"es","potentialAction":[{"@type":"ReadAction","target":["https:\/\/pavechocolats.com\/es\/producto\/rosa-3\/"]}]},{"@type":"ImageObject","inLanguage":"es","@id":"https:\/\/pavechocolats.com\/es\/producto\/rosa-3\/#primaryimage","url":"https:\/\/pavechocolats.com\/wp-content\/uploads\/2022\/02\/Bellar-1-1.jpg","contentUrl":"https:\/\/pavechocolats.com\/wp-content\/uploads\/2022\/02\/Bellar-1-1.jpg","width":600,"height":600},{"@type":"BreadcrumbList","@id":"https:\/\/pavechocolats.com\/es\/producto\/rosa-3\/#breadcrumb","itemListElement":[{"@type":"ListItem","position":1,"name":"Accueil","item":"https:\/\/pavechocolats.com\/es\/chocolates-pave\/"},{"@type":"ListItem","position":2,"name":"Boutique","item":"https:\/\/pavechocolats.com\/boutique\/"},{"@type":"ListItem","position":3,"name":"Bellar 1"}]},{"@type":"WebSite","@id":"https:\/\/pavechocolats.com\/es\/#website","url":"https:\/\/pavechocolats.com\/es\/","name":"Pav\u00e9 Chocolats","description":"","publisher":{"@id":"https:\/\/pavechocolats.com\/es\/#organization"},"potentialAction":[{"@type":"SearchAction","target":{"@type":"EntryPoint","urlTemplate":"https:\/\/pavechocolats.com\/es\/?s={search_term_string}"},"query-input":{"@type":"PropertyValueSpecification","valueRequired":true,"valueName":"search_term_string"}}],"inLanguage":"es"},{"@type":"Organization","@id":"https:\/\/pavechocolats.com\/es\/#organization","name":"Pav\u00e9 Chocolats","url":"https:\/\/pavechocolats.com\/es\/","logo":{"@type":"ImageObject","inLanguage":"es","@id":"https:\/\/pavechocolats.com\/es\/#\/schema\/logo\/image\/","url":"https:\/\/pavechocolats.com\/wp-content\/uploads\/2025\/11\/Pave-New-Logo.svg","contentUrl":"https:\/\/pavechocolats.com\/wp-content\/uploads\/2025\/11\/Pave-New-Logo.svg","width":1,"height":1,"caption":"Pav\u00e9 Chocolats"},"image":{"@id":"https:\/\/pavechocolats.com\/es\/#\/schema\/logo\/image\/"},"sameAs":["https:\/\/www.facebook.com\/pavechocolats\/","https:\/\/www.instagram.com\/pavechocolats"]}]}},"_links":{"self":[{"href":"https:\/\/pavechocolats.com\/es\/wp-json\/wp\/v2\/product\/14275","targetHints":{"allow":["GET"]}}],"collection":[{"href":"https:\/\/pavechocolats.com\/es\/wp-json\/wp\/v2\/product"}],"about":[{"href":"https:\/\/pavechocolats.com\/es\/wp-json\/wp\/v2\/types\/product"}],"replies":[{"embeddable":true,"href":"https:\/\/pavechocolats.com\/es\/wp-json\/wp\/v2\/comments?post=14275"}],"wp:featuredmedia":[{"embeddable":true,"href":"https:\/\/pavechocolats.com\/es\/wp-json\/wp\/v2\/media\/17497"}],"wp:attachment":[{"href":"https:\/\/pavechocolats.com\/es\/wp-json\/wp\/v2\/media?parent=14275"}],"wp:term":[{"taxonomy":"product_brand","embeddable":true,"href":"https:\/\/pavechocolats.com\/es\/wp-json\/wp\/v2\/product_brand?post=14275"},{"taxonomy":"product_cat","embeddable":true,"href":"https:\/\/pavechocolats.com\/es\/wp-json\/wp\/v2\/product_cat?post=14275"},{"taxonomy":"product_tag","embeddable":true,"href":"https:\/\/pavechocolats.com\/es\/wp-json\/wp\/v2\/product_tag?post=14275"}],"curies":[{"name":"wp","href":"https:\/\/api.w.org\/{rel}","templated":true}]}}