{"id":5627,"date":"2022-01-11T23:45:42","date_gmt":"2022-01-11T22:45:42","guid":{"rendered":"https:\/\/pavechocolats.com\/eventos\/"},"modified":"2022-03-17T13:39:48","modified_gmt":"2022-03-17T12:39:48","slug":"eventos","status":"publish","type":"page","link":"https:\/\/pavechocolats.com\/es\/eventos\/","title":{"rendered":"Eventos"},"content":{"rendered":"<div class=\"wpb-content-wrapper\"><p>[vc_row css_animation=&#8221;fadeInUp&#8221; disable_element=&#8221;yes&#8221;][vc_column]    <div  class=\"element-text-block  text-title-home width850\" >\r\n        <h3 class=\"color-title font-title title56\">Eventos de la p\u00e1gina de t\u00edtulo<\/h3>\n<p class=\"title18\">Peque\u00f1a descripci\u00f3n para la p\u00e1gina de eventos a planificar, muy \u00fatil para SEO, etc.<\/p>\n    <\/div>\r\n[\/vc_column][\/vc_row][vc_row full_width=&#8221;stretch_row_content&#8221; equal_height=&#8221;yes&#8221; css_animation=&#8221;fadeInUp&#8221;][vc_column width=&#8221;1\/2&#8243; offset=&#8221;vc_col-md-6&#8243; css=&#8221;.vc_custom_1636987764097{background-image: url(https:\/\/pavechocolats.com\/wp-content\/uploads\/2019\/08\/c11.jpg?id=1851) !important;}&#8221;]\r\n<div class=\"banner-advs  banner1-home1 \">\r\n        <a href=\"#\" class=\"adv-thumb-link\">    <img fetchpriority=\"high\" decoding=\"async\" width=\"1200\" height=\"1200\" src=\"https:\/\/pavechocolats.com\/wp-content\/uploads\/2021\/11\/Photo_groupe_Mariage.jpg\" class=\"attachment-full size-full\" alt=\"\" srcset=\"https:\/\/pavechocolats.com\/wp-content\/uploads\/2021\/11\/Photo_groupe_Mariage.jpg 1200w, https:\/\/pavechocolats.com\/wp-content\/uploads\/2021\/11\/Photo_groupe_Mariage-300x300.jpg 300w, https:\/\/pavechocolats.com\/wp-content\/uploads\/2021\/11\/Photo_groupe_Mariage-1024x1024.jpg 1024w, https:\/\/pavechocolats.com\/wp-content\/uploads\/2021\/11\/Photo_groupe_Mariage-150x150.jpg 150w, https:\/\/pavechocolats.com\/wp-content\/uploads\/2021\/11\/Photo_groupe_Mariage-768x768.jpg 768w, https:\/\/pavechocolats.com\/wp-content\/uploads\/2021\/11\/Photo_groupe_Mariage-600x600.jpg 600w, https:\/\/pavechocolats.com\/wp-content\/uploads\/2021\/11\/Photo_groupe_Mariage-100x100.jpg 100w, https:\/\/pavechocolats.com\/wp-content\/uploads\/2021\/11\/Photo_groupe_Mariage-60x60.jpg 60w\" sizes=\"(max-width: 1200px) 100vw, 1200px\" \/>    <\/a><\/div>[\/vc_column][vc_column width=&#8221;1\/2&#8243; el_class=&#8221;people-say-home3&#8243; css=&#8221;.vc_custom_1633779226194{background-image: url(https:\/\/pavechocolats.com\/wp-content\/uploads\/2019\/08\/c11.jpg?id=1851) !important;}&#8221; offset=&#8221;vc_col-md-6&#8243;]    <div  class=\"element-text-block  text-center text-about-page\" >\r\n        <h3 class=\"color-title font-title title56\">Matrimonio<\/h3>\n    <\/div>\r\n<div class=\"banner-slider  \">\r\n    <div class=\"wrap-item sv-slider owl-carousel owl-theme  pagi-nav-style\" \r\n        data-item=\"1\" \r\n        data-speed=\"6000\" \r\n        data-itemres=\"\"\r\n        data-navigation=\"\" \r\n        data-pagination=\"pagi-nav-style\" \r\n        data-prev=\"\" \r\n        data-next=\"\"\r\n        data-margin=\"\" \r\n        data-stage_padding=\"\"\r\n        data-start_position=\"\" \r\n        data-loop=\"\"\r\n        data-animation_out=\"none\"\r\n        data-animation_in=\"none\"\r\n        data-mousewheel=\"\">\r\n\r\n\t\t    <div  class=\"element-text-block  people-say\" >\r\n        <p class=\"title16\">Pav\u00e9 Chocolats es una referencia de alta gama y una fuente inagotable para los novios.<\/p>\n<p class=\"title16\">Nuestras creaciones especiales para bodas son \u00fanicas, originales y se caracterizan por su delicadeza y elegancia.<\/p>\n<p class=\"title16\">\u00bfQuieres una boda \u00fanica, regalos originales y creativos? No dude en ponerse en contacto con nosotros para descubrir todas nuestras ofertas y construir juntos algo que realmente le represente.<\/p>\n<h3 class=\"font-title color-title title24\">Pav\u00e9 Chocolats, <span class=\"font-body color-body title14\">Para una boda inolvidable<\/span><\/h3>\n<p>&nbsp;<\/p>\n<p><a class=\"title18 link-button1\" href=\"https:\/\/pavechocolats.com\/es\/contactar\/\">CONT\u00c1CTENOS<\/a><\/p>\n    <\/div>\r\n\t\t\r\n    <\/div>\r\n<\/div>[\/vc_column][\/vc_row][vc_row full_width=&#8221;stretch_row_content&#8221; equal_height=&#8221;yes&#8221; css_animation=&#8221;fadeInUp&#8221;][vc_column el_class=&#8221;people-say-home3&#8243; css=&#8221;.vc_custom_1633779226194{background-image: url(https:\/\/pavechocolats.com\/wp-content\/uploads\/2019\/08\/c11.jpg?id=1851) !important;}&#8221; offset=&#8221;vc_col-md-6&#8243;]    <div  class=\"element-text-block  text-center text-about-page\" >\r\n        <h3 class=\"color-title font-title title56\">Compromiso<\/h3>\n    <\/div>\r\n<div class=\"banner-slider  \">\r\n    <div class=\"wrap-item sv-slider owl-carousel owl-theme  pagi-nav-style\" \r\n        data-item=\"1\" \r\n        data-speed=\"6000\" \r\n        data-itemres=\"\"\r\n        data-navigation=\"\" \r\n        data-pagination=\"pagi-nav-style\" \r\n        data-prev=\"\" \r\n        data-next=\"\"\r\n        data-margin=\"\" \r\n        data-stage_padding=\"\"\r\n        data-start_position=\"\" \r\n        data-loop=\"\"\r\n        data-animation_out=\"none\"\r\n        data-animation_in=\"none\"\r\n        data-mousewheel=\"\">\r\n\r\n\t\t    <div  class=\"element-text-block  people-say\" >\r\n        <p class=\"title16\">Desde el simple &#8220;Primer encuentro&#8221; hasta el gran compromiso, te ofrecemos regalos adaptados a cada evento.<\/p>\n<p class=\"title16\">Adem\u00e1s de deliciosos, nuestros bombones envueltos podr\u00e1n deleitar el paladar de tu prometida mucho despu\u00e9s de tu partida para un buen augurio.<\/p>\n<h3 class=\"font-title color-title title24\">Pav\u00e9 Chocolats, <span class=\"font-body color-body title14\">Compromiso de altos vuelos<\/span><\/h3>\n<p>&nbsp;<\/p>\n<p><a class=\"title18 link-button1\" href=\"https:\/\/pavechocolats.com\/es\/contactar\/\">CONT\u00c1CTENOS<\/a><\/p>\n    <\/div>\r\n\t\t\r\n    <\/div>\r\n<\/div>[\/vc_column][vc_column offset=&#8221;vc_col-md-6&#8243; css=&#8221;.vc_custom_1636987835657{background-image: url(https:\/\/pavechocolats.com\/wp-content\/uploads\/2019\/08\/c11.jpg?id=1851) !important;}&#8221;]\r\n<div class=\"banner-advs  banner2-home3 \">\r\n        <a href=\"#\" class=\"adv-thumb-link\">    <img decoding=\"async\" width=\"1200\" height=\"1200\" src=\"https:\/\/pavechocolats.com\/wp-content\/uploads\/2021\/11\/Photo_groupe_Fianc\u0327ailles_4.jpg\" class=\"attachment-full size-full\" alt=\"\" srcset=\"https:\/\/pavechocolats.com\/wp-content\/uploads\/2021\/11\/Photo_groupe_Fianc\u0327ailles_4.jpg 1200w, https:\/\/pavechocolats.com\/wp-content\/uploads\/2021\/11\/Photo_groupe_Fianc\u0327ailles_4-300x300.jpg 300w, https:\/\/pavechocolats.com\/wp-content\/uploads\/2021\/11\/Photo_groupe_Fianc\u0327ailles_4-1024x1024.jpg 1024w, https:\/\/pavechocolats.com\/wp-content\/uploads\/2021\/11\/Photo_groupe_Fianc\u0327ailles_4-150x150.jpg 150w, https:\/\/pavechocolats.com\/wp-content\/uploads\/2021\/11\/Photo_groupe_Fianc\u0327ailles_4-768x768.jpg 768w, https:\/\/pavechocolats.com\/wp-content\/uploads\/2021\/11\/Photo_groupe_Fianc\u0327ailles_4-600x600.jpg 600w, https:\/\/pavechocolats.com\/wp-content\/uploads\/2021\/11\/Photo_groupe_Fianc\u0327ailles_4-60x60.jpg 60w\" sizes=\"(max-width: 1200px) 100vw, 1200px\" \/>    <\/a><\/div>[\/vc_column][\/vc_row][vc_row full_width=&#8221;stretch_row_content&#8221; equal_height=&#8221;yes&#8221; css_animation=&#8221;fadeInUp&#8221;][vc_column offset=&#8221;vc_col-md-6&#8243; css=&#8221;.vc_custom_1636987947654{background-image: url(https:\/\/pavechocolats.com\/wp-content\/uploads\/2019\/08\/c11.jpg?id=1851) !important;}&#8221;]\r\n<div class=\"banner-advs  banner2-home3 \">\r\n        <a href=\"#\" class=\"adv-thumb-link\">    <img decoding=\"async\" width=\"1200\" height=\"1200\" src=\"https:\/\/pavechocolats.com\/wp-content\/uploads\/2021\/11\/Groupe_bapteme_1.jpg\" class=\"attachment-full size-full\" alt=\"\" srcset=\"https:\/\/pavechocolats.com\/wp-content\/uploads\/2021\/11\/Groupe_bapteme_1.jpg 1200w, https:\/\/pavechocolats.com\/wp-content\/uploads\/2021\/11\/Groupe_bapteme_1-300x300.jpg 300w, https:\/\/pavechocolats.com\/wp-content\/uploads\/2021\/11\/Groupe_bapteme_1-1024x1024.jpg 1024w, https:\/\/pavechocolats.com\/wp-content\/uploads\/2021\/11\/Groupe_bapteme_1-150x150.jpg 150w, https:\/\/pavechocolats.com\/wp-content\/uploads\/2021\/11\/Groupe_bapteme_1-768x768.jpg 768w, https:\/\/pavechocolats.com\/wp-content\/uploads\/2021\/11\/Groupe_bapteme_1-600x600.jpg 600w, https:\/\/pavechocolats.com\/wp-content\/uploads\/2021\/11\/Groupe_bapteme_1-60x60.jpg 60w\" sizes=\"(max-width: 1200px) 100vw, 1200px\" \/>    <\/a><\/div>[\/vc_column][vc_column el_class=&#8221;people-say-home3&#8243; css=&#8221;.vc_custom_1633779226194{background-image: url(https:\/\/pavechocolats.com\/wp-content\/uploads\/2019\/08\/c11.jpg?id=1851) !important;}&#8221; offset=&#8221;vc_col-md-6&#8243;]    <div  class=\"element-text-block  text-center text-about-page\" >\r\n        <h3 class=\"color-title font-title title56\">Nacimiento<\/h3>\n    <\/div>\r\n<div class=\"banner-slider  \">\r\n    <div class=\"wrap-item sv-slider owl-carousel owl-theme  pagi-nav-style\" \r\n        data-item=\"1\" \r\n        data-speed=\"6000\" \r\n        data-itemres=\"\"\r\n        data-navigation=\"\" \r\n        data-pagination=\"pagi-nav-style\" \r\n        data-prev=\"\" \r\n        data-next=\"\"\r\n        data-margin=\"\" \r\n        data-stage_padding=\"\"\r\n        data-start_position=\"\" \r\n        data-loop=\"\"\r\n        data-animation_out=\"none\"\r\n        data-animation_in=\"none\"\r\n        data-mousewheel=\"\">\r\n\r\n\t\t    <div  class=\"element-text-block  people-say\" >\r\n        <p class=\"title16\">\u00bfUn regalo especial para una llegada especial?<\/p>\n<p class=\"title16\">Nuestras cajas de regalo para reci\u00e9n nacidos son tan adorables como la llegada de un nuevo beb\u00e9.<\/p>\n<p class=\"title16\">Visita la tienda para descubrir los temas del momento.<\/p>\n<h3 class=\"font-title color-title title24\">Pav\u00e9 Chocolats, <span class=\"font-body color-body title14\">Un hermoso nacimiento<\/span><\/h3>\n<p>&nbsp;<\/p>\n<p><a class=\"title18 link-button1\" href=\"https:\/\/pavechocolats.com\/es\/contactar\/\">CONT\u00c1CTENOS<\/a><\/p>\n    <\/div>\r\n\t\t\r\n    <\/div>\r\n<\/div>[\/vc_column][\/vc_row]<\/p>\n<\/div>","protected":false},"excerpt":{"rendered":"<p>[vc_row css_animation=&#8221;fadeInUp&#8221; disable_element=&#8221;yes&#8221;][vc_column][\/vc_column][\/vc_row][vc_row full_width=&#8221;stretch_row_content&#8221; equal_height=&#8221;yes&#8221; css_animation=&#8221;fadeInUp&#8221;][vc_column width=&#8221;1\/2&#8243; offset=&#8221;vc_col-md-6&#8243; css=&#8221;.vc_custom_1636987764097{background-image: url(https:\/\/pavechocolats.com\/wp-content\/uploads\/2019\/08\/c11.jpg?id=1851) !important;}&#8221;][\/vc_column][vc_column width=&#8221;1\/2&#8243; el_class=&#8221;people-say-home3&#8243; css=&#8221;.vc_custom_1633779226194{background-image: url(https:\/\/pavechocolats.com\/wp-content\/uploads\/2019\/08\/c11.jpg?id=1851) !important;}&#8221; offset=&#8221;vc_col-md-6&#8243;][\/vc_column][\/vc_row][vc_row full_width=&#8221;stretch_row_content&#8221; equal_height=&#8221;yes&#8221; css_animation=&#8221;fadeInUp&#8221;][vc_column el_class=&#8221;people-say-home3&#8243; css=&#8221;.vc_custom_1633779226194{background-image: url(https:\/\/pavechocolats.com\/wp-content\/uploads\/2019\/08\/c11.jpg?id=1851) !important;}&#8221; offset=&#8221;vc_col-md-6&#8243;][\/vc_column][vc_column offset=&#8221;vc_col-md-6&#8243; css=&#8221;.vc_custom_1636987835657{background-image: url(https:\/\/pavechocolats.com\/wp-content\/uploads\/2019\/08\/c11.jpg?id=1851) !important;}&#8221;][\/vc_column][\/vc_row][vc_row full_width=&#8221;stretch_row_content&#8221; equal_height=&#8221;yes&#8221; css_animation=&#8221;fadeInUp&#8221;][vc_column offset=&#8221;vc_col-md-6&#8243; css=&#8221;.vc_custom_1636987947654{background-image: url(https:\/\/pavechocolats.com\/wp-content\/uploads\/2019\/08\/c11.jpg?id=1851) !important;}&#8221;][\/vc_column][vc_column el_class=&#8221;people-say-home3&#8243; css=&#8221;.vc_custom_1633779226194{background-image: url(https:\/\/pavechocolats.com\/wp-content\/uploads\/2019\/08\/c11.jpg?id=1851) !important;}&#8221; offset=&#8221;vc_col-md-6&#8243;][\/vc_column][\/vc_row]<\/p>\n","protected":false},"author":1,"featured_media":0,"parent":0,"menu_order":0,"comment_status":"closed","ping_status":"closed","template":"","meta":{"sfsi_plus_gutenberg_text_before_share":"","sfsi_plus_gutenberg_show_text_before_share":"","sfsi_plus_gutenberg_icon_type":"","sfsi_plus_gutenberg_icon_alignemt":"","sfsi_plus_gutenburg_max_per_row":"","footnotes":""},"class_list":["post-5627","page","type-page","status-publish","hentry"],"yoast_head":"<!-- This site is optimized with the Yoast SEO plugin v26.5 - https:\/\/yoast.com\/wordpress\/plugins\/seo\/ -->\n<title>Eventos - Pav\u00e9 Chocolats<\/title>\n<meta name=\"robots\" content=\"index, follow, max-snippet:-1, max-image-preview:large, max-video-preview:-1\" \/>\n<link rel=\"canonical\" href=\"https:\/\/pavechocolats.com\/es\/eventos\/\" \/>\n<meta property=\"og:locale\" content=\"es_ES\" \/>\n<meta property=\"og:type\" content=\"article\" \/>\n<meta property=\"og:title\" content=\"Eventos - Pav\u00e9 Chocolats\" \/>\n<meta property=\"og:description\" content=\"[vc_row css_animation=&#8221;fadeInUp&#8221; disable_element=&#8221;yes&#8221;][vc_column][\/vc_column][\/vc_row][vc_row full_width=&#8221;stretch_row_content&#8221; equal_height=&#8221;yes&#8221; css_animation=&#8221;fadeInUp&#8221;][vc_column width=&#8221;1\/2&#8243; offset=&#8221;vc_col-md-6&#8243; css=&#8221;.vc_custom_1636987764097{background-image: url(https:\/\/pavechocolats.com\/wp-content\/uploads\/2019\/08\/c11.jpg?id=1851) !important;}&#8221;][\/vc_column][vc_column width=&#8221;1\/2&#8243; el_class=&#8221;people-say-home3&#8243; css=&#8221;.vc_custom_1633779226194{background-image: url(https:\/\/pavechocolats.com\/wp-content\/uploads\/2019\/08\/c11.jpg?id=1851) !important;}&#8221; offset=&#8221;vc_col-md-6&#8243;][\/vc_column][\/vc_row][vc_row full_width=&#8221;stretch_row_content&#8221; equal_height=&#8221;yes&#8221; css_animation=&#8221;fadeInUp&#8221;][vc_column el_class=&#8221;people-say-home3&#8243; css=&#8221;.vc_custom_1633779226194{background-image: url(https:\/\/pavechocolats.com\/wp-content\/uploads\/2019\/08\/c11.jpg?id=1851) !important;}&#8221; offset=&#8221;vc_col-md-6&#8243;][\/vc_column][vc_column offset=&#8221;vc_col-md-6&#8243; css=&#8221;.vc_custom_1636987835657{background-image: url(https:\/\/pavechocolats.com\/wp-content\/uploads\/2019\/08\/c11.jpg?id=1851) !important;}&#8221;][\/vc_column][\/vc_row][vc_row full_width=&#8221;stretch_row_content&#8221; equal_height=&#8221;yes&#8221; css_animation=&#8221;fadeInUp&#8221;][vc_column offset=&#8221;vc_col-md-6&#8243; css=&#8221;.vc_custom_1636987947654{background-image: url(https:\/\/pavechocolats.com\/wp-content\/uploads\/2019\/08\/c11.jpg?id=1851) !important;}&#8221;][\/vc_column][vc_column el_class=&#8221;people-say-home3&#8243; css=&#8221;.vc_custom_1633779226194{background-image: url(https:\/\/pavechocolats.com\/wp-content\/uploads\/2019\/08\/c11.jpg?id=1851) !important;}&#8221; offset=&#8221;vc_col-md-6&#8243;][\/vc_column][\/vc_row]\" \/>\n<meta property=\"og:url\" content=\"https:\/\/pavechocolats.com\/es\/eventos\/\" \/>\n<meta property=\"og:site_name\" content=\"Pav\u00e9 Chocolats\" \/>\n<meta property=\"article:publisher\" content=\"https:\/\/www.facebook.com\/pavechocolats\/\" \/>\n<meta property=\"article:modified_time\" content=\"2022-03-17T12:39:48+00:00\" \/>\n<meta property=\"og:image\" content=\"https:\/\/pavechocolats.com\/wp-content\/uploads\/2022\/04\/image_2022-04-06_104844.png\" \/>\n\t<meta property=\"og:image:width\" content=\"3632\" \/>\n\t<meta property=\"og:image:height\" content=\"1706\" \/>\n\t<meta property=\"og:image:type\" content=\"image\/png\" \/>\n<meta name=\"twitter:card\" content=\"summary_large_image\" \/>\n<meta name=\"twitter:label1\" content=\"Tiempo de lectura\" \/>\n\t<meta name=\"twitter:data1\" content=\"3 minutos\" \/>\n<script type=\"application\/ld+json\" class=\"yoast-schema-graph\">{\"@context\":\"https:\/\/schema.org\",\"@graph\":[{\"@type\":\"WebPage\",\"@id\":\"https:\/\/pavechocolats.com\/es\/eventos\/\",\"url\":\"https:\/\/pavechocolats.com\/es\/eventos\/\",\"name\":\"Eventos - Pav\u00e9 Chocolats\",\"isPartOf\":{\"@id\":\"https:\/\/pavechocolats.com\/es\/#website\"},\"datePublished\":\"2022-01-11T22:45:42+00:00\",\"dateModified\":\"2022-03-17T12:39:48+00:00\",\"breadcrumb\":{\"@id\":\"https:\/\/pavechocolats.com\/es\/eventos\/#breadcrumb\"},\"inLanguage\":\"es\",\"potentialAction\":[{\"@type\":\"ReadAction\",\"target\":[\"https:\/\/pavechocolats.com\/es\/eventos\/\"]}]},{\"@type\":\"BreadcrumbList\",\"@id\":\"https:\/\/pavechocolats.com\/es\/eventos\/#breadcrumb\",\"itemListElement\":[{\"@type\":\"ListItem\",\"position\":1,\"name\":\"Accueil\",\"item\":\"https:\/\/pavechocolats.com\/es\/chocolates-pave\/\"},{\"@type\":\"ListItem\",\"position\":2,\"name\":\"Eventos\"}]},{\"@type\":\"WebSite\",\"@id\":\"https:\/\/pavechocolats.com\/es\/#website\",\"url\":\"https:\/\/pavechocolats.com\/es\/\",\"name\":\"Pav\u00e9 Chocolats\",\"description\":\"\",\"publisher\":{\"@id\":\"https:\/\/pavechocolats.com\/es\/#organization\"},\"potentialAction\":[{\"@type\":\"SearchAction\",\"target\":{\"@type\":\"EntryPoint\",\"urlTemplate\":\"https:\/\/pavechocolats.com\/es\/?s={search_term_string}\"},\"query-input\":{\"@type\":\"PropertyValueSpecification\",\"valueRequired\":true,\"valueName\":\"search_term_string\"}}],\"inLanguage\":\"es\"},{\"@type\":\"Organization\",\"@id\":\"https:\/\/pavechocolats.com\/es\/#organization\",\"name\":\"Pav\u00e9 Chocolats\",\"url\":\"https:\/\/pavechocolats.com\/es\/\",\"logo\":{\"@type\":\"ImageObject\",\"inLanguage\":\"es\",\"@id\":\"https:\/\/pavechocolats.com\/es\/#\/schema\/logo\/image\/\",\"url\":\"https:\/\/pavechocolats.com\/wp-content\/uploads\/2025\/11\/Pave-New-Logo.svg\",\"contentUrl\":\"https:\/\/pavechocolats.com\/wp-content\/uploads\/2025\/11\/Pave-New-Logo.svg\",\"width\":1,\"height\":1,\"caption\":\"Pav\u00e9 Chocolats\"},\"image\":{\"@id\":\"https:\/\/pavechocolats.com\/es\/#\/schema\/logo\/image\/\"},\"sameAs\":[\"https:\/\/www.facebook.com\/pavechocolats\/\",\"https:\/\/www.instagram.com\/pavechocolats\"]}]}<\/script>\n<!-- \/ Yoast SEO plugin. -->","yoast_head_json":{"title":"Eventos - Pav\u00e9 Chocolats","robots":{"index":"index","follow":"follow","max-snippet":"max-snippet:-1","max-image-preview":"max-image-preview:large","max-video-preview":"max-video-preview:-1"},"canonical":"https:\/\/pavechocolats.com\/es\/eventos\/","og_locale":"es_ES","og_type":"article","og_title":"Eventos - Pav\u00e9 Chocolats","og_description":"[vc_row css_animation=&#8221;fadeInUp&#8221; disable_element=&#8221;yes&#8221;][vc_column][\/vc_column][\/vc_row][vc_row full_width=&#8221;stretch_row_content&#8221; equal_height=&#8221;yes&#8221; css_animation=&#8221;fadeInUp&#8221;][vc_column width=&#8221;1\/2&#8243; offset=&#8221;vc_col-md-6&#8243; css=&#8221;.vc_custom_1636987764097{background-image: url(https:\/\/pavechocolats.com\/wp-content\/uploads\/2019\/08\/c11.jpg?id=1851) !important;}&#8221;][\/vc_column][vc_column width=&#8221;1\/2&#8243; el_class=&#8221;people-say-home3&#8243; css=&#8221;.vc_custom_1633779226194{background-image: url(https:\/\/pavechocolats.com\/wp-content\/uploads\/2019\/08\/c11.jpg?id=1851) !important;}&#8221; offset=&#8221;vc_col-md-6&#8243;][\/vc_column][\/vc_row][vc_row full_width=&#8221;stretch_row_content&#8221; equal_height=&#8221;yes&#8221; css_animation=&#8221;fadeInUp&#8221;][vc_column el_class=&#8221;people-say-home3&#8243; css=&#8221;.vc_custom_1633779226194{background-image: url(https:\/\/pavechocolats.com\/wp-content\/uploads\/2019\/08\/c11.jpg?id=1851) !important;}&#8221; offset=&#8221;vc_col-md-6&#8243;][\/vc_column][vc_column offset=&#8221;vc_col-md-6&#8243; css=&#8221;.vc_custom_1636987835657{background-image: url(https:\/\/pavechocolats.com\/wp-content\/uploads\/2019\/08\/c11.jpg?id=1851) !important;}&#8221;][\/vc_column][\/vc_row][vc_row full_width=&#8221;stretch_row_content&#8221; equal_height=&#8221;yes&#8221; css_animation=&#8221;fadeInUp&#8221;][vc_column offset=&#8221;vc_col-md-6&#8243; css=&#8221;.vc_custom_1636987947654{background-image: url(https:\/\/pavechocolats.com\/wp-content\/uploads\/2019\/08\/c11.jpg?id=1851) !important;}&#8221;][\/vc_column][vc_column el_class=&#8221;people-say-home3&#8243; css=&#8221;.vc_custom_1633779226194{background-image: url(https:\/\/pavechocolats.com\/wp-content\/uploads\/2019\/08\/c11.jpg?id=1851) !important;}&#8221; offset=&#8221;vc_col-md-6&#8243;][\/vc_column][\/vc_row]","og_url":"https:\/\/pavechocolats.com\/es\/eventos\/","og_site_name":"Pav\u00e9 Chocolats","article_publisher":"https:\/\/www.facebook.com\/pavechocolats\/","article_modified_time":"2022-03-17T12:39:48+00:00","og_image":[{"width":3632,"height":1706,"url":"https:\/\/pavechocolats.com\/wp-content\/uploads\/2022\/04\/image_2022-04-06_104844.png","type":"image\/png"}],"twitter_card":"summary_large_image","twitter_misc":{"Tiempo de lectura":"3 minutos"},"schema":{"@context":"https:\/\/schema.org","@graph":[{"@type":"WebPage","@id":"https:\/\/pavechocolats.com\/es\/eventos\/","url":"https:\/\/pavechocolats.com\/es\/eventos\/","name":"Eventos - Pav\u00e9 Chocolats","isPartOf":{"@id":"https:\/\/pavechocolats.com\/es\/#website"},"datePublished":"2022-01-11T22:45:42+00:00","dateModified":"2022-03-17T12:39:48+00:00","breadcrumb":{"@id":"https:\/\/pavechocolats.com\/es\/eventos\/#breadcrumb"},"inLanguage":"es","potentialAction":[{"@type":"ReadAction","target":["https:\/\/pavechocolats.com\/es\/eventos\/"]}]},{"@type":"BreadcrumbList","@id":"https:\/\/pavechocolats.com\/es\/eventos\/#breadcrumb","itemListElement":[{"@type":"ListItem","position":1,"name":"Accueil","item":"https:\/\/pavechocolats.com\/es\/chocolates-pave\/"},{"@type":"ListItem","position":2,"name":"Eventos"}]},{"@type":"WebSite","@id":"https:\/\/pavechocolats.com\/es\/#website","url":"https:\/\/pavechocolats.com\/es\/","name":"Pav\u00e9 Chocolats","description":"","publisher":{"@id":"https:\/\/pavechocolats.com\/es\/#organization"},"potentialAction":[{"@type":"SearchAction","target":{"@type":"EntryPoint","urlTemplate":"https:\/\/pavechocolats.com\/es\/?s={search_term_string}"},"query-input":{"@type":"PropertyValueSpecification","valueRequired":true,"valueName":"search_term_string"}}],"inLanguage":"es"},{"@type":"Organization","@id":"https:\/\/pavechocolats.com\/es\/#organization","name":"Pav\u00e9 Chocolats","url":"https:\/\/pavechocolats.com\/es\/","logo":{"@type":"ImageObject","inLanguage":"es","@id":"https:\/\/pavechocolats.com\/es\/#\/schema\/logo\/image\/","url":"https:\/\/pavechocolats.com\/wp-content\/uploads\/2025\/11\/Pave-New-Logo.svg","contentUrl":"https:\/\/pavechocolats.com\/wp-content\/uploads\/2025\/11\/Pave-New-Logo.svg","width":1,"height":1,"caption":"Pav\u00e9 Chocolats"},"image":{"@id":"https:\/\/pavechocolats.com\/es\/#\/schema\/logo\/image\/"},"sameAs":["https:\/\/www.facebook.com\/pavechocolats\/","https:\/\/www.instagram.com\/pavechocolats"]}]}},"_links":{"self":[{"href":"https:\/\/pavechocolats.com\/es\/wp-json\/wp\/v2\/pages\/5627","targetHints":{"allow":["GET"]}}],"collection":[{"href":"https:\/\/pavechocolats.com\/es\/wp-json\/wp\/v2\/pages"}],"about":[{"href":"https:\/\/pavechocolats.com\/es\/wp-json\/wp\/v2\/types\/page"}],"author":[{"embeddable":true,"href":"https:\/\/pavechocolats.com\/es\/wp-json\/wp\/v2\/users\/1"}],"replies":[{"embeddable":true,"href":"https:\/\/pavechocolats.com\/es\/wp-json\/wp\/v2\/comments?post=5627"}],"version-history":[{"count":2,"href":"https:\/\/pavechocolats.com\/es\/wp-json\/wp\/v2\/pages\/5627\/revisions"}],"predecessor-version":[{"id":17088,"href":"https:\/\/pavechocolats.com\/es\/wp-json\/wp\/v2\/pages\/5627\/revisions\/17088"}],"wp:attachment":[{"href":"https:\/\/pavechocolats.com\/es\/wp-json\/wp\/v2\/media?parent=5627"}],"curies":[{"name":"wp","href":"https:\/\/api.w.org\/{rel}","templated":true}]}}