{"id":11190,"date":"2022-01-12T00:50:10","date_gmt":"2022-01-11T23:50:10","guid":{"rendered":"https:\/\/pavechocolats.com\/la-casa\/"},"modified":"2022-04-01T02:48:15","modified_gmt":"2022-04-01T00:48:15","slug":"la-casa","status":"publish","type":"page","link":"https:\/\/pavechocolats.com\/es\/la-casa\/","title":{"rendered":"La casa"},"content":{"rendered":"<div class=\"wpb-content-wrapper\"><p>[vc_row css_animation=&#8221;fadeInUp&#8221; el_class=&#8221;padding-top-about-page&#8221;][vc_column width=&#8221;1\/6&#8243;][\/vc_column][vc_column width=&#8221;2\/3&#8243;]    <div  class=\"element-text-block  customcolorlink\" >\r\n        <h3 class=\"color-title font-title title56\" style=\"text-align: center;\">Quien somos?<\/h3>\n<p>&nbsp;<\/p>\n<p>Nacido de la pasi\u00f3n por el chocolate y la creaci\u00f3n, Pav\u00e9 Chocolats es ante todo una aventura familiar.<\/p>\n<p>Nuestros Padres en la g\u00e9nesis del proyecto, tuvieron la voluntad, el coraje y la apuesta de introducir en Marruecos, un chocolate excepcional y \u00fanico: En una \u00e9poca en la que todo el mundo recurr\u00eda a los fabricantes europeos o libaneses, se enamoraron de la aventura humana, de una familia que elabora chocolate de alta gama en Jordania desde 1950, utilizando las m\u00e1s prestigiosas t\u00e9cnicas y experiencias de producci\u00f3n belgas, francesas y holandesas\u2026. . La id\u00e9a era de hacer algo \u201cdiferente\u201d, ir a contracorriente, hacer un buen chocolate que se nos parezca, adaptado a los sabores y expectativas \u00e1rabes y sobre todo embalado par una proteccion unica.<\/p>\n<p>Optar por la adici\u00f3n de un paso de envasado durante el proceso de producci\u00f3n permite:<\/p>\n<ul>\n<li class=\"title14\">Garantiza una explosi\u00f3n de sabores en cada bocado y un sabor \u00fanico<\/li>\n<li class=\"title14\">Proteger el producto significa protegerse de los riesgos de higiene durante la manipulaci\u00f3n<\/li>\n<li class=\"title14\">Mejorar la estabilidad metab\u00f3lica del producto protegi\u00e9ndolo de la luz, el calor y la humedad<\/li>\n<li class=\"title14\">Liberar el esp\u00edritu creativo y crear composiciones alegres y \u00fanicas.<\/li>\n<\/ul>\n<blockquote><p>\nCon una visi\u00f3n enfocada en el desarrollo de la identidad de la marca, su calidad de servicio y no en la multiplicaci\u00f3n de puntos de venta, Pav\u00e9 Chocolats se ha convertido en todo un icono del lujo en Casablanca y Marruecos.\n<\/p><\/blockquote>\n<p>Pionera en la <a href=\"https:\/\/pavechocolats.com\/es\/eventos\/\" target=\"_blank\" rel=\"noopener\"><strong>creaci\u00f3n de eventos \u00fanicos de alta gama<\/strong><\/a> y l\u00edder en regalos de empresa, esta Casa de lujo y saber hacer destaca por la publicaci\u00f3n de 3 cat\u00e1logos corporativos al a\u00f1o ( <strong><a href=\"https:\/\/pavechocolats.com\/es\/coleccion-2021\/\" target=\"_blank\" rel=\"noopener\">Fin de a\u00f1o<\/a><\/strong> , <strong><a href=\"https:\/\/pavechocolats.com\/es\/catalogo-dia-de-la-mujer\/\" target=\"_blank\" rel=\"noopener\">D\u00eda de la Mujer<\/a><\/strong> y <strong><a href=\"https:\/\/pavechocolats.com\/es\/catalogo-de-ramadan\/\" target=\"_blank\" rel=\"noopener\">Ramad\u00e1n<\/a> )<\/strong> y por una oferta gourmet y variada.<\/p>\n<p>Nos complace lanzar nuestra <strong><a href=\"\/es\/tienda\/\" target=\"_blank\" rel=\"noopener\">tienda online<\/a><\/strong> con una primicia \u00fanica en Marruecos, de la que estamos muy orgullosos: la entrega internacional, un reto log\u00edstico que requiere un nuevo proceso de entrega para garantizar la seguridad y frescura de los productos que tuvimos el placer de desafiar.<\/p>\n<p>Los gustos y colores var\u00edan pero esperamos deslumbrarte y emocionarte con lo que hacemos, porque lo hacemos con Amor y Pasi\u00f3n. Deseando servirle.<\/p>\n<h5><strong>El equipo de Pav\u00e9 Chocolats<\/strong><\/h5>\n    <\/div>\r\n[\/vc_column][vc_column width=&#8221;1\/6&#8243;][\/vc_column][\/vc_row][vc_row full_width=&#8221;stretch_row_content_no_spaces&#8221; content_placement=&#8221;middle&#8221; css_animation=&#8221;fadeInUp&#8221;][vc_column]    <div  class=\"element-text-block  banner-hours text-center vc_custom_1648774087391\" >\r\n        <h3 class=\"title24 color-title font-title\">34, Rue Attabari, Casablanca, Marruecos<\/h3>\n<p class=\"title14\"><span class=\"color-title\">TEL\u00c9FONO M\u00d3VIL \/ WHATSAPP:<\/span> +212.6.61.91.93.36<\/p>\n<p class=\"title14\"><span class=\"color-title\">CORREO ELECTR\u00d3NICO:<\/span> contact@pavechocolats.com<\/p>\n<h3><\/h3>\n<h3 class=\"title36 color-title font-title\">Horario<\/h3>\n<p class=\"font_8 font_7\">Lunes a S\u00e1bado: 9:30 &#8211; 19:30<br \/>\nDomingo: 10:30 &#8211; 18:30<\/p>\n    <\/div>\r\n[\/vc_column][\/vc_row][vc_row full_width=&#8221;stretch_row_content_no_spaces&#8221;][vc_column]\r\n<div class=\"banner-advs   zoom-image\">\r\n        <a href=\"#\" class=\"adv-thumb-link\">    <img fetchpriority=\"high\" decoding=\"async\" width=\"1840\" height=\"312\" src=\"https:\/\/pavechocolats.com\/wp-content\/uploads\/2020\/09\/Image-Slider-4-min.jpg\" class=\"attachment-full size-full\" alt=\"\" srcset=\"https:\/\/pavechocolats.com\/wp-content\/uploads\/2020\/09\/Image-Slider-4-min.jpg 1840w, https:\/\/pavechocolats.com\/wp-content\/uploads\/2020\/09\/Image-Slider-4-min-600x102.jpg 600w, https:\/\/pavechocolats.com\/wp-content\/uploads\/2020\/09\/Image-Slider-4-min-300x51.jpg 300w, https:\/\/pavechocolats.com\/wp-content\/uploads\/2020\/09\/Image-Slider-4-min-1024x174.jpg 1024w, https:\/\/pavechocolats.com\/wp-content\/uploads\/2020\/09\/Image-Slider-4-min-768x130.jpg 768w, https:\/\/pavechocolats.com\/wp-content\/uploads\/2020\/09\/Image-Slider-4-min-1536x260.jpg 1536w\" sizes=\"(max-width: 1840px) 100vw, 1840px\" \/>    <\/a><\/div>[\/vc_column][\/vc_row]<\/p>\n<\/div>","protected":false},"excerpt":{"rendered":"<p>[vc_row css_animation=&#8221;fadeInUp&#8221; el_class=&#8221;padding-top-about-page&#8221;][vc_column width=&#8221;1\/6&#8243;][\/vc_column][vc_column width=&#8221;2\/3&#8243;][\/vc_column][vc_column width=&#8221;1\/6&#8243;][\/vc_column][\/vc_row][vc_row full_width=&#8221;stretch_row_content_no_spaces&#8221; content_placement=&#8221;middle&#8221; css_animation=&#8221;fadeInUp&#8221;][vc_column][\/vc_column][\/vc_row][vc_row full_width=&#8221;stretch_row_content_no_spaces&#8221;][vc_column][\/vc_column][\/vc_row]<\/p>\n","protected":false},"author":1,"featured_media":0,"parent":0,"menu_order":0,"comment_status":"closed","ping_status":"closed","template":"visual-template.php","meta":{"sfsi_plus_gutenberg_text_before_share":"","sfsi_plus_gutenberg_show_text_before_share":"","sfsi_plus_gutenberg_icon_type":"","sfsi_plus_gutenberg_icon_alignemt":"","sfsi_plus_gutenburg_max_per_row":"","footnotes":""},"class_list":["post-11190","page","type-page","status-publish","hentry"],"yoast_head":"<!-- This site is optimized with the Yoast SEO plugin v26.5 - https:\/\/yoast.com\/wordpress\/plugins\/seo\/ -->\n<title>La casa - Pav\u00e9 Chocolats<\/title>\n<meta name=\"robots\" content=\"index, follow, max-snippet:-1, max-image-preview:large, max-video-preview:-1\" \/>\n<link rel=\"canonical\" href=\"https:\/\/pavechocolats.com\/es\/la-casa\/\" \/>\n<meta property=\"og:locale\" content=\"es_ES\" \/>\n<meta property=\"og:type\" content=\"article\" \/>\n<meta property=\"og:title\" content=\"La casa - Pav\u00e9 Chocolats\" \/>\n<meta property=\"og:description\" content=\"[vc_row css_animation=&#8221;fadeInUp&#8221; el_class=&#8221;padding-top-about-page&#8221;][vc_column width=&#8221;1\/6&#8243;][\/vc_column][vc_column width=&#8221;2\/3&#8243;][\/vc_column][vc_column width=&#8221;1\/6&#8243;][\/vc_column][\/vc_row][vc_row full_width=&#8221;stretch_row_content_no_spaces&#8221; content_placement=&#8221;middle&#8221; css_animation=&#8221;fadeInUp&#8221;][vc_column][\/vc_column][\/vc_row][vc_row full_width=&#8221;stretch_row_content_no_spaces&#8221;][vc_column][\/vc_column][\/vc_row]\" \/>\n<meta property=\"og:url\" content=\"https:\/\/pavechocolats.com\/es\/la-casa\/\" \/>\n<meta property=\"og:site_name\" content=\"Pav\u00e9 Chocolats\" \/>\n<meta property=\"article:publisher\" content=\"https:\/\/www.facebook.com\/pavechocolats\/\" \/>\n<meta property=\"article:modified_time\" content=\"2022-04-01T00:48:15+00:00\" \/>\n<meta property=\"og:image\" content=\"https:\/\/pavechocolats.com\/wp-content\/uploads\/2022\/04\/image_2022-04-06_104844.png\" \/>\n\t<meta property=\"og:image:width\" content=\"3632\" \/>\n\t<meta property=\"og:image:height\" content=\"1706\" \/>\n\t<meta property=\"og:image:type\" content=\"image\/png\" \/>\n<meta name=\"twitter:card\" content=\"summary_large_image\" \/>\n<meta name=\"twitter:label1\" content=\"Tiempo de lectura\" \/>\n\t<meta name=\"twitter:data1\" content=\"3 minutos\" \/>\n<script type=\"application\/ld+json\" class=\"yoast-schema-graph\">{\"@context\":\"https:\/\/schema.org\",\"@graph\":[{\"@type\":\"WebPage\",\"@id\":\"https:\/\/pavechocolats.com\/es\/la-casa\/\",\"url\":\"https:\/\/pavechocolats.com\/es\/la-casa\/\",\"name\":\"La casa - Pav\u00e9 Chocolats\",\"isPartOf\":{\"@id\":\"https:\/\/pavechocolats.com\/es\/#website\"},\"datePublished\":\"2022-01-11T23:50:10+00:00\",\"dateModified\":\"2022-04-01T00:48:15+00:00\",\"breadcrumb\":{\"@id\":\"https:\/\/pavechocolats.com\/es\/la-casa\/#breadcrumb\"},\"inLanguage\":\"es\",\"potentialAction\":[{\"@type\":\"ReadAction\",\"target\":[\"https:\/\/pavechocolats.com\/es\/la-casa\/\"]}]},{\"@type\":\"BreadcrumbList\",\"@id\":\"https:\/\/pavechocolats.com\/es\/la-casa\/#breadcrumb\",\"itemListElement\":[{\"@type\":\"ListItem\",\"position\":1,\"name\":\"Accueil\",\"item\":\"https:\/\/pavechocolats.com\/es\/chocolates-pave\/\"},{\"@type\":\"ListItem\",\"position\":2,\"name\":\"La casa\"}]},{\"@type\":\"WebSite\",\"@id\":\"https:\/\/pavechocolats.com\/es\/#website\",\"url\":\"https:\/\/pavechocolats.com\/es\/\",\"name\":\"Pav\u00e9 Chocolats\",\"description\":\"\",\"publisher\":{\"@id\":\"https:\/\/pavechocolats.com\/es\/#organization\"},\"potentialAction\":[{\"@type\":\"SearchAction\",\"target\":{\"@type\":\"EntryPoint\",\"urlTemplate\":\"https:\/\/pavechocolats.com\/es\/?s={search_term_string}\"},\"query-input\":{\"@type\":\"PropertyValueSpecification\",\"valueRequired\":true,\"valueName\":\"search_term_string\"}}],\"inLanguage\":\"es\"},{\"@type\":\"Organization\",\"@id\":\"https:\/\/pavechocolats.com\/es\/#organization\",\"name\":\"Pav\u00e9 Chocolats\",\"url\":\"https:\/\/pavechocolats.com\/es\/\",\"logo\":{\"@type\":\"ImageObject\",\"inLanguage\":\"es\",\"@id\":\"https:\/\/pavechocolats.com\/es\/#\/schema\/logo\/image\/\",\"url\":\"https:\/\/pavechocolats.com\/wp-content\/uploads\/2025\/11\/Pave-New-Logo.svg\",\"contentUrl\":\"https:\/\/pavechocolats.com\/wp-content\/uploads\/2025\/11\/Pave-New-Logo.svg\",\"width\":1,\"height\":1,\"caption\":\"Pav\u00e9 Chocolats\"},\"image\":{\"@id\":\"https:\/\/pavechocolats.com\/es\/#\/schema\/logo\/image\/\"},\"sameAs\":[\"https:\/\/www.facebook.com\/pavechocolats\/\",\"https:\/\/www.instagram.com\/pavechocolats\"]}]}<\/script>\n<!-- \/ Yoast SEO plugin. -->","yoast_head_json":{"title":"La casa - Pav\u00e9 Chocolats","robots":{"index":"index","follow":"follow","max-snippet":"max-snippet:-1","max-image-preview":"max-image-preview:large","max-video-preview":"max-video-preview:-1"},"canonical":"https:\/\/pavechocolats.com\/es\/la-casa\/","og_locale":"es_ES","og_type":"article","og_title":"La casa - Pav\u00e9 Chocolats","og_description":"[vc_row css_animation=&#8221;fadeInUp&#8221; el_class=&#8221;padding-top-about-page&#8221;][vc_column width=&#8221;1\/6&#8243;][\/vc_column][vc_column width=&#8221;2\/3&#8243;][\/vc_column][vc_column width=&#8221;1\/6&#8243;][\/vc_column][\/vc_row][vc_row full_width=&#8221;stretch_row_content_no_spaces&#8221; content_placement=&#8221;middle&#8221; css_animation=&#8221;fadeInUp&#8221;][vc_column][\/vc_column][\/vc_row][vc_row full_width=&#8221;stretch_row_content_no_spaces&#8221;][vc_column][\/vc_column][\/vc_row]","og_url":"https:\/\/pavechocolats.com\/es\/la-casa\/","og_site_name":"Pav\u00e9 Chocolats","article_publisher":"https:\/\/www.facebook.com\/pavechocolats\/","article_modified_time":"2022-04-01T00:48:15+00:00","og_image":[{"width":3632,"height":1706,"url":"https:\/\/pavechocolats.com\/wp-content\/uploads\/2022\/04\/image_2022-04-06_104844.png","type":"image\/png"}],"twitter_card":"summary_large_image","twitter_misc":{"Tiempo de lectura":"3 minutos"},"schema":{"@context":"https:\/\/schema.org","@graph":[{"@type":"WebPage","@id":"https:\/\/pavechocolats.com\/es\/la-casa\/","url":"https:\/\/pavechocolats.com\/es\/la-casa\/","name":"La casa - Pav\u00e9 Chocolats","isPartOf":{"@id":"https:\/\/pavechocolats.com\/es\/#website"},"datePublished":"2022-01-11T23:50:10+00:00","dateModified":"2022-04-01T00:48:15+00:00","breadcrumb":{"@id":"https:\/\/pavechocolats.com\/es\/la-casa\/#breadcrumb"},"inLanguage":"es","potentialAction":[{"@type":"ReadAction","target":["https:\/\/pavechocolats.com\/es\/la-casa\/"]}]},{"@type":"BreadcrumbList","@id":"https:\/\/pavechocolats.com\/es\/la-casa\/#breadcrumb","itemListElement":[{"@type":"ListItem","position":1,"name":"Accueil","item":"https:\/\/pavechocolats.com\/es\/chocolates-pave\/"},{"@type":"ListItem","position":2,"name":"La casa"}]},{"@type":"WebSite","@id":"https:\/\/pavechocolats.com\/es\/#website","url":"https:\/\/pavechocolats.com\/es\/","name":"Pav\u00e9 Chocolats","description":"","publisher":{"@id":"https:\/\/pavechocolats.com\/es\/#organization"},"potentialAction":[{"@type":"SearchAction","target":{"@type":"EntryPoint","urlTemplate":"https:\/\/pavechocolats.com\/es\/?s={search_term_string}"},"query-input":{"@type":"PropertyValueSpecification","valueRequired":true,"valueName":"search_term_string"}}],"inLanguage":"es"},{"@type":"Organization","@id":"https:\/\/pavechocolats.com\/es\/#organization","name":"Pav\u00e9 Chocolats","url":"https:\/\/pavechocolats.com\/es\/","logo":{"@type":"ImageObject","inLanguage":"es","@id":"https:\/\/pavechocolats.com\/es\/#\/schema\/logo\/image\/","url":"https:\/\/pavechocolats.com\/wp-content\/uploads\/2025\/11\/Pave-New-Logo.svg","contentUrl":"https:\/\/pavechocolats.com\/wp-content\/uploads\/2025\/11\/Pave-New-Logo.svg","width":1,"height":1,"caption":"Pav\u00e9 Chocolats"},"image":{"@id":"https:\/\/pavechocolats.com\/es\/#\/schema\/logo\/image\/"},"sameAs":["https:\/\/www.facebook.com\/pavechocolats\/","https:\/\/www.instagram.com\/pavechocolats"]}]}},"_links":{"self":[{"href":"https:\/\/pavechocolats.com\/es\/wp-json\/wp\/v2\/pages\/11190","targetHints":{"allow":["GET"]}}],"collection":[{"href":"https:\/\/pavechocolats.com\/es\/wp-json\/wp\/v2\/pages"}],"about":[{"href":"https:\/\/pavechocolats.com\/es\/wp-json\/wp\/v2\/types\/page"}],"author":[{"embeddable":true,"href":"https:\/\/pavechocolats.com\/es\/wp-json\/wp\/v2\/users\/1"}],"replies":[{"embeddable":true,"href":"https:\/\/pavechocolats.com\/es\/wp-json\/wp\/v2\/comments?post=11190"}],"version-history":[{"count":8,"href":"https:\/\/pavechocolats.com\/es\/wp-json\/wp\/v2\/pages\/11190\/revisions"}],"predecessor-version":[{"id":17590,"href":"https:\/\/pavechocolats.com\/es\/wp-json\/wp\/v2\/pages\/11190\/revisions\/17590"}],"wp:attachment":[{"href":"https:\/\/pavechocolats.com\/es\/wp-json\/wp\/v2\/media?parent=11190"}],"curies":[{"name":"wp","href":"https:\/\/api.w.org\/{rel}","templated":true}]}}