{"id":14636,"date":"2022-02-15T15:45:31","date_gmt":"2022-02-15T14:45:31","guid":{"rendered":"https:\/\/pavechocolats.com\/produit\/coeur-en-chocolat\/"},"modified":"2022-04-19T17:27:58","modified_gmt":"2022-04-19T15:27:58","slug":"coeur-en-chocolat","status":"publish","type":"product","link":"https:\/\/pavechocolats.com\/en\/produit\/coeur-en-chocolat\/","title":{"rendered":"C\u0153ur en chocolat"},"content":{"rendered":"","protected":false},"excerpt":{"rendered":"<p>C\u0153ur tout en chocolat, \u00e0 partager sans mod\u00e9ration!<br \/>\nMix Chocolat au Lait et Noir<\/p>\n<p><a href=\"https:\/\/pavechocolats.com\/wp-content\/uploads\/\"><img decoding=\"async\" class=\"alignnone wp-image-2889 size-full\" src=\"https:\/\/pavechocolats.com\/wp-content\/uploads\/\" alt=\" width=\" height=\"60\" \/><\/a><\/p>\n<p><a href=\"https:\/\/pavechocolats.com\/wp-content\/uploads\/\"><img decoding=\"async\" class=\"alignnone wp-image-2890 size-full\" src=\"https:\/\/pavechocolats.com\/wp-content\/uploads\/\" alt=\" width=\" height=\"60\" \/><\/a><\/p>\n<p><a href=\"https:\/\/pavechocolats.com\/wp-content\/uploads\/\"><img decoding=\"async\" class=\"alignnone wp-image-2891 size-full\" src=\"https:\/\/pavechocolats.com\/wp-content\/uploads\/\" alt=\" width=\" height=\"60\" \/><\/a><\/p>\n","protected":false},"featured_media":13257,"comment_status":"closed","ping_status":"closed","template":"","meta":{"sfsi_plus_gutenberg_text_before_share":"","sfsi_plus_gutenberg_show_text_before_share":"","sfsi_plus_gutenberg_icon_type":"","sfsi_plus_gutenberg_icon_alignemt":"","sfsi_plus_gutenburg_max_per_row":""},"product_brand":[],"product_cat":[354,367,293],"product_tag":[323,486,302,299,297,327,337],"class_list":{"0":"post-14636","1":"product","2":"type-product","3":"status-publish","4":"has-post-thumbnail","6":"product_cat-tablets-delicacies-and-spreads","7":"product_cat-hearts-and-valentines-day","8":"product_cat-all-products-en","9":"product_tag-box","10":"product_tag-livraison-internationale-en","11":"product_tag-delivery-morocco","12":"product_tag-24h-delivery-casablanca-en","13":"product_tag-delivery-3h-casablanca","14":"product_tag-evening-with-friends","15":"product_tag-unbreakable","16":"pa_grammage-360-en","18":"first","19":"outofstock","20":"purchasable","21":"product-type-simple"},"yoast_head":"<!-- This site is optimized with the Yoast SEO plugin v26.5 - https:\/\/yoast.com\/wordpress\/plugins\/seo\/ -->\n<title>C\u0153ur en chocolat - Pav\u00e9 Chocolats<\/title>\n<meta name=\"robots\" content=\"index, follow, max-snippet:-1, max-image-preview:large, max-video-preview:-1\" \/>\n<link rel=\"canonical\" href=\"https:\/\/pavechocolats.com\/en\/produit\/coeur-en-chocolat\/\" \/>\n<meta property=\"og:locale\" content=\"en_US\" \/>\n<meta property=\"og:type\" content=\"article\" \/>\n<meta property=\"og:title\" content=\"C\u0153ur en chocolat - Pav\u00e9 Chocolats\" \/>\n<meta property=\"og:description\" content=\"C\u0153ur tout en chocolat, \u00e0 partager sans mod\u00e9ration! Mix Chocolat au Lait et Noir\" \/>\n<meta property=\"og:url\" content=\"https:\/\/pavechocolats.com\/en\/produit\/coeur-en-chocolat\/\" \/>\n<meta property=\"og:site_name\" content=\"Pav\u00e9 Chocolats\" \/>\n<meta property=\"article:publisher\" content=\"https:\/\/www.facebook.com\/pavechocolats\/\" \/>\n<meta property=\"article:modified_time\" content=\"2022-04-19T15:27:58+00:00\" \/>\n<meta property=\"og:image\" content=\"https:\/\/pavechocolats.com\/wp-content\/uploads\/2022\/02\/Coeur-en-chocolat_x.jpg\" \/>\n\t<meta property=\"og:image:width\" content=\"1200\" \/>\n\t<meta property=\"og:image:height\" content=\"1200\" \/>\n\t<meta property=\"og:image:type\" content=\"image\/jpeg\" \/>\n<meta name=\"twitter:card\" content=\"summary_large_image\" \/>\n<script type=\"application\/ld+json\" class=\"yoast-schema-graph\">{\"@context\":\"https:\/\/schema.org\",\"@graph\":[{\"@type\":\"WebPage\",\"@id\":\"https:\/\/pavechocolats.com\/en\/produit\/coeur-en-chocolat\/\",\"url\":\"https:\/\/pavechocolats.com\/en\/produit\/coeur-en-chocolat\/\",\"name\":\"C\u0153ur en chocolat - Pav\u00e9 Chocolats\",\"isPartOf\":{\"@id\":\"https:\/\/pavechocolats.com\/en\/#website\"},\"primaryImageOfPage\":{\"@id\":\"https:\/\/pavechocolats.com\/en\/produit\/coeur-en-chocolat\/#primaryimage\"},\"image\":{\"@id\":\"https:\/\/pavechocolats.com\/en\/produit\/coeur-en-chocolat\/#primaryimage\"},\"thumbnailUrl\":\"https:\/\/pavechocolats.com\/wp-content\/uploads\/2022\/02\/Coeur-en-chocolat_x.jpg\",\"datePublished\":\"2022-02-15T14:45:31+00:00\",\"dateModified\":\"2022-04-19T15:27:58+00:00\",\"breadcrumb\":{\"@id\":\"https:\/\/pavechocolats.com\/en\/produit\/coeur-en-chocolat\/#breadcrumb\"},\"inLanguage\":\"en-US\",\"potentialAction\":[{\"@type\":\"ReadAction\",\"target\":[\"https:\/\/pavechocolats.com\/en\/produit\/coeur-en-chocolat\/\"]}]},{\"@type\":\"ImageObject\",\"inLanguage\":\"en-US\",\"@id\":\"https:\/\/pavechocolats.com\/en\/produit\/coeur-en-chocolat\/#primaryimage\",\"url\":\"https:\/\/pavechocolats.com\/wp-content\/uploads\/2022\/02\/Coeur-en-chocolat_x.jpg\",\"contentUrl\":\"https:\/\/pavechocolats.com\/wp-content\/uploads\/2022\/02\/Coeur-en-chocolat_x.jpg\",\"width\":1200,\"height\":1200},{\"@type\":\"BreadcrumbList\",\"@id\":\"https:\/\/pavechocolats.com\/en\/produit\/coeur-en-chocolat\/#breadcrumb\",\"itemListElement\":[{\"@type\":\"ListItem\",\"position\":1,\"name\":\"Accueil\",\"item\":\"https:\/\/pavechocolats.com\/en\/pave-chocolates\/\"},{\"@type\":\"ListItem\",\"position\":2,\"name\":\"Boutique\",\"item\":\"https:\/\/pavechocolats.com\/boutique\/\"},{\"@type\":\"ListItem\",\"position\":3,\"name\":\"C\u0153ur en chocolat\"}]},{\"@type\":\"WebSite\",\"@id\":\"https:\/\/pavechocolats.com\/en\/#website\",\"url\":\"https:\/\/pavechocolats.com\/en\/\",\"name\":\"Pav\u00e9 Chocolats\",\"description\":\"\",\"publisher\":{\"@id\":\"https:\/\/pavechocolats.com\/en\/#organization\"},\"potentialAction\":[{\"@type\":\"SearchAction\",\"target\":{\"@type\":\"EntryPoint\",\"urlTemplate\":\"https:\/\/pavechocolats.com\/en\/?s={search_term_string}\"},\"query-input\":{\"@type\":\"PropertyValueSpecification\",\"valueRequired\":true,\"valueName\":\"search_term_string\"}}],\"inLanguage\":\"en-US\"},{\"@type\":\"Organization\",\"@id\":\"https:\/\/pavechocolats.com\/en\/#organization\",\"name\":\"Pav\u00e9 Chocolats\",\"url\":\"https:\/\/pavechocolats.com\/en\/\",\"logo\":{\"@type\":\"ImageObject\",\"inLanguage\":\"en-US\",\"@id\":\"https:\/\/pavechocolats.com\/en\/#\/schema\/logo\/image\/\",\"url\":\"https:\/\/pavechocolats.com\/wp-content\/uploads\/2025\/11\/Pave-New-Logo.svg\",\"contentUrl\":\"https:\/\/pavechocolats.com\/wp-content\/uploads\/2025\/11\/Pave-New-Logo.svg\",\"width\":1,\"height\":1,\"caption\":\"Pav\u00e9 Chocolats\"},\"image\":{\"@id\":\"https:\/\/pavechocolats.com\/en\/#\/schema\/logo\/image\/\"},\"sameAs\":[\"https:\/\/www.facebook.com\/pavechocolats\/\",\"https:\/\/www.instagram.com\/pavechocolats\"]}]}<\/script>\n<!-- \/ Yoast SEO plugin. -->","yoast_head_json":{"title":"C\u0153ur en chocolat - Pav\u00e9 Chocolats","robots":{"index":"index","follow":"follow","max-snippet":"max-snippet:-1","max-image-preview":"max-image-preview:large","max-video-preview":"max-video-preview:-1"},"canonical":"https:\/\/pavechocolats.com\/en\/produit\/coeur-en-chocolat\/","og_locale":"en_US","og_type":"article","og_title":"C\u0153ur en chocolat - Pav\u00e9 Chocolats","og_description":"C\u0153ur tout en chocolat, \u00e0 partager sans mod\u00e9ration! Mix Chocolat au Lait et Noir","og_url":"https:\/\/pavechocolats.com\/en\/produit\/coeur-en-chocolat\/","og_site_name":"Pav\u00e9 Chocolats","article_publisher":"https:\/\/www.facebook.com\/pavechocolats\/","article_modified_time":"2022-04-19T15:27:58+00:00","og_image":[{"width":1200,"height":1200,"url":"https:\/\/pavechocolats.com\/wp-content\/uploads\/2022\/02\/Coeur-en-chocolat_x.jpg","type":"image\/jpeg"}],"twitter_card":"summary_large_image","schema":{"@context":"https:\/\/schema.org","@graph":[{"@type":"WebPage","@id":"https:\/\/pavechocolats.com\/en\/produit\/coeur-en-chocolat\/","url":"https:\/\/pavechocolats.com\/en\/produit\/coeur-en-chocolat\/","name":"C\u0153ur en chocolat - Pav\u00e9 Chocolats","isPartOf":{"@id":"https:\/\/pavechocolats.com\/en\/#website"},"primaryImageOfPage":{"@id":"https:\/\/pavechocolats.com\/en\/produit\/coeur-en-chocolat\/#primaryimage"},"image":{"@id":"https:\/\/pavechocolats.com\/en\/produit\/coeur-en-chocolat\/#primaryimage"},"thumbnailUrl":"https:\/\/pavechocolats.com\/wp-content\/uploads\/2022\/02\/Coeur-en-chocolat_x.jpg","datePublished":"2022-02-15T14:45:31+00:00","dateModified":"2022-04-19T15:27:58+00:00","breadcrumb":{"@id":"https:\/\/pavechocolats.com\/en\/produit\/coeur-en-chocolat\/#breadcrumb"},"inLanguage":"en-US","potentialAction":[{"@type":"ReadAction","target":["https:\/\/pavechocolats.com\/en\/produit\/coeur-en-chocolat\/"]}]},{"@type":"ImageObject","inLanguage":"en-US","@id":"https:\/\/pavechocolats.com\/en\/produit\/coeur-en-chocolat\/#primaryimage","url":"https:\/\/pavechocolats.com\/wp-content\/uploads\/2022\/02\/Coeur-en-chocolat_x.jpg","contentUrl":"https:\/\/pavechocolats.com\/wp-content\/uploads\/2022\/02\/Coeur-en-chocolat_x.jpg","width":1200,"height":1200},{"@type":"BreadcrumbList","@id":"https:\/\/pavechocolats.com\/en\/produit\/coeur-en-chocolat\/#breadcrumb","itemListElement":[{"@type":"ListItem","position":1,"name":"Accueil","item":"https:\/\/pavechocolats.com\/en\/pave-chocolates\/"},{"@type":"ListItem","position":2,"name":"Boutique","item":"https:\/\/pavechocolats.com\/boutique\/"},{"@type":"ListItem","position":3,"name":"C\u0153ur en chocolat"}]},{"@type":"WebSite","@id":"https:\/\/pavechocolats.com\/en\/#website","url":"https:\/\/pavechocolats.com\/en\/","name":"Pav\u00e9 Chocolats","description":"","publisher":{"@id":"https:\/\/pavechocolats.com\/en\/#organization"},"potentialAction":[{"@type":"SearchAction","target":{"@type":"EntryPoint","urlTemplate":"https:\/\/pavechocolats.com\/en\/?s={search_term_string}"},"query-input":{"@type":"PropertyValueSpecification","valueRequired":true,"valueName":"search_term_string"}}],"inLanguage":"en-US"},{"@type":"Organization","@id":"https:\/\/pavechocolats.com\/en\/#organization","name":"Pav\u00e9 Chocolats","url":"https:\/\/pavechocolats.com\/en\/","logo":{"@type":"ImageObject","inLanguage":"en-US","@id":"https:\/\/pavechocolats.com\/en\/#\/schema\/logo\/image\/","url":"https:\/\/pavechocolats.com\/wp-content\/uploads\/2025\/11\/Pave-New-Logo.svg","contentUrl":"https:\/\/pavechocolats.com\/wp-content\/uploads\/2025\/11\/Pave-New-Logo.svg","width":1,"height":1,"caption":"Pav\u00e9 Chocolats"},"image":{"@id":"https:\/\/pavechocolats.com\/en\/#\/schema\/logo\/image\/"},"sameAs":["https:\/\/www.facebook.com\/pavechocolats\/","https:\/\/www.instagram.com\/pavechocolats"]}]}},"_links":{"self":[{"href":"https:\/\/pavechocolats.com\/en\/wp-json\/wp\/v2\/product\/14636","targetHints":{"allow":["GET"]}}],"collection":[{"href":"https:\/\/pavechocolats.com\/en\/wp-json\/wp\/v2\/product"}],"about":[{"href":"https:\/\/pavechocolats.com\/en\/wp-json\/wp\/v2\/types\/product"}],"replies":[{"embeddable":true,"href":"https:\/\/pavechocolats.com\/en\/wp-json\/wp\/v2\/comments?post=14636"}],"wp:featuredmedia":[{"embeddable":true,"href":"https:\/\/pavechocolats.com\/en\/wp-json\/wp\/v2\/media\/13257"}],"wp:attachment":[{"href":"https:\/\/pavechocolats.com\/en\/wp-json\/wp\/v2\/media?parent=14636"}],"wp:term":[{"taxonomy":"product_brand","embeddable":true,"href":"https:\/\/pavechocolats.com\/en\/wp-json\/wp\/v2\/product_brand?post=14636"},{"taxonomy":"product_cat","embeddable":true,"href":"https:\/\/pavechocolats.com\/en\/wp-json\/wp\/v2\/product_cat?post=14636"},{"taxonomy":"product_tag","embeddable":true,"href":"https:\/\/pavechocolats.com\/en\/wp-json\/wp\/v2\/product_tag?post=14636"}],"curies":[{"name":"wp","href":"https:\/\/api.w.org\/{rel}","templated":true}]}}