{"id":11183,"date":"2022-01-12T00:50:09","date_gmt":"2022-01-11T23:50:09","guid":{"rendered":"https:\/\/pavechocolats.com\/the-house\/"},"modified":"2022-03-16T16:24:12","modified_gmt":"2022-03-16T15:24:12","slug":"the-house","status":"publish","type":"page","link":"https:\/\/pavechocolats.com\/en\/the-house\/","title":{"rendered":"The Brand"},"content":{"rendered":"<div class=\"wpb-content-wrapper\"><p>[vc_row css_animation=&#8221;fadeInUp&#8221; el_class=&#8221;padding-top-about-page&#8221;][vc_column width=&#8221;1\/6&#8243;][\/vc_column][vc_column width=&#8221;2\/3&#8243;]    <div  class=\"element-text-block  customcolorlink\" >\r\n        <h3 class=\"color-title font-title title56\" style=\"text-align: center;\">About Us<\/h3>\n<p>&nbsp;<\/p>\n<p>Born from a passion for chocolate and creation, Pav\u00e9 Chocolats is above all a family adventure.<\/p>\n<p>Our Parents at the genesis of the project, had the will, the courage and the bet to introduce to Morocco, an exceptional and unique chocolate: At a time when everyone was turning to European or Lebanese manufacturers, they fell in love with the human adventure of a family that has been making top-of-the-range chocolate in Jordan since 1950, using the most prestigious Belgian, French and Dutch production techniques and experiences &#8230;. but to do &#8220;differently&#8221;, go against the flow, make good chocolate that represents us, adapted to our expectations and above all wrapped.<\/p>\n<p>Opting for the addition of a wrapping step during the production process helps to:<\/p>\n<ul>\n<li class=\"title14\">Guarantee an explosion of flavors with each bite and a unique taste<\/li>\n<li class=\"title14\">Protecting the product means protecting yourself from hygiene risks during handling<\/li>\n<li class=\"title14\">Improve the metabolic stability of the product by protecting from light, heat and humidity<\/li>\n<li class=\"title14\">Free the creative spirit and create joyful and unique boxes.<\/li>\n<\/ul>\n<blockquote><p>\nWith a vision focused on the development of the brand&#8217;s identity, its quality of service and not on the multiplication of points of sale, Pav\u00e9 Chocolates has become the iconic spot of luxury in Casablanca and Morocco.\n<\/p><\/blockquote>\n<p>A pioneer in the creation of unique <strong><a href=\"\/en\/events\">high-end events<\/a><\/strong> and a leader in corporate gifts, this luxury house stands out for launching 3 corporate catalogs every year (<strong><a href=\"\/en\/2021-collection\/\">Year end<\/a><\/strong>, <a href=\"\/en\/womens-day-catalog\/\"><strong>Women\u2019s Day<\/strong><\/a> and <strong><a href=\"\/en\/ramadan-catalog\/\">Ramadan<\/a><\/strong>) and by a gourmet and varied offer.<\/p>\n<p>Maison Pav\u00e9 Chocolats, resolutely turned towards innovation and creation, counts among its clients the most prestigious companies in Morocco.<\/p>\n<p>It actively supports development actions in Morocco and internationally, including collaboration with several renowned partners.<\/p>\n<p>We are pleased to launch our online store with a unique first in Morocco, of which we are very proud: international delivery, a logistical challenge requiring a new delivery process to guarantee the safety and freshness of the products, that we had the pleasure to challenge.<\/p>\n<p>Tastes and colors vary but we hope to dazzle and move you with what we do, because we do it with Love and Passion. Looking forward to serving you.<\/p>\n<h5><strong>The Pav\u00e9 Chocolats team<\/strong><\/h5>\n    <\/div>\r\n[\/vc_column][vc_column width=&#8221;1\/6&#8243;][\/vc_column][\/vc_row][vc_row full_width=&#8221;stretch_row_content&#8221; disable_element=&#8221;yes&#8221; css=&#8221;.vc_custom_1647444096543{padding-top: 100px !important;padding-right: 50px !important;padding-left: 50px !important;}&#8221;][vc_column width=&#8221;1\/3&#8243;][vc_row_inner][vc_column_inner el_class=&#8221;kc-sv&#8221; width=&#8221;1\/2&#8243; offset=&#8221;vc_col-md-12&#8243;]        <div class=\"item-service-style2  element-servicestyle2\">\r\n            <div class=\"info-service\">\r\n                                    <h3 class=\"title24 font-title\">\r\n                        <a class=\"color-title\" href=\"#\" target=\"_parent\">\r\n                            L&#039;excellence, notre maitre mot                        <\/a>\r\n                    <\/h3>\r\n                                    <p class=\"title14 description\">Pav\u00e9 Chocolats, c'est 71 ans d'exp\u00e9rience et une pr\u00e9sence dans 27 pays dans le monde. Nous selectionnons les meilleurs crus de cacao, que nous transformons pour votre plus grand plaisir.<\/p>            <\/div>\r\n                            <a  class=\"icon-link \" href=\"#\" onclick=\"return false;\" target=\"_parent\" title=\"\">\r\n                    <img decoding=\"async\" width=\"80\" height=\"89\" src=\"https:\/\/pavechocolats.com\/wp-content\/uploads\/2021\/11\/L_excellence-notre-maitre-mot.png\" class=\"attachment-full size-full\" alt=\"\" \/>                <\/a>\r\n                \r\n        <\/div>\r\n                <div class=\"item-service-style2  element-servicestyle2\">\r\n            <div class=\"info-service\">\r\n                                    <h3 class=\"title24 font-title\">\r\n                        <a class=\"color-title\" href=\"#\" target=\"_parent\">\r\n                            From Casablanca to the WORLD!                        <\/a>\r\n                    <\/h3>\r\n                                    <p class=\"title14 description\">Premi\u00e8re chocolaterie Marocaine \u00e0 vous proposer de livrer votre famille, vos amis ou vos clients \u00e0 l'international en partenariant avec DHL et CHRONOPOST. Vos livraisons s'effectuent dans un emeballage sp\u00e9cialement con\u00e7u pour garantir la fraicheur du chocolat et la s\u00e9curit\u00e9 des contenants lors du transport.<\/p>            <\/div>\r\n                            <a  class=\"icon-link \" href=\"#\" onclick=\"return false;\" target=\"_parent\" title=\"\">\r\n                    <img decoding=\"async\" width=\"80\" height=\"89\" src=\"https:\/\/pavechocolats.com\/wp-content\/uploads\/2021\/11\/From-Casablanca-to-the-WORLD.png\" class=\"attachment-full size-full\" alt=\"\" \/>                <\/a>\r\n                \r\n        <\/div>\r\n        [\/vc_column_inner][vc_column_inner width=&#8221;1\/2&#8243; offset=&#8221;vc_col-md-12&#8243;]        <div class=\"item-service-style2  element-servicestyle2\">\r\n            <div class=\"info-service\">\r\n                                    <h3 class=\"title24 font-title\">\r\n                        <a class=\"color-title\" href=\"#\" target=\"_parent\">\r\n                            Le Bon, Le Beau et le Diff\u00e9rent                        <\/a>\r\n                    <\/h3>\r\n                                    <p class=\"title14 description\">Chaque ann\u00e9e, c'est 8 mois de cr\u00e9ations et un voyage \u00e0 travers le monde pour vous offrir ce qu'il y a de plus beau, tendance et gourmand.<\/p>            <\/div>\r\n                            <a  class=\"icon-link \" href=\"#\" onclick=\"return false;\" target=\"_parent\" title=\"\">\r\n                    <img decoding=\"async\" width=\"80\" height=\"89\" src=\"https:\/\/pavechocolats.com\/wp-content\/uploads\/2021\/11\/Le-BON-le-beau-et-le-different.png\" class=\"attachment-full size-full\" alt=\"\" \/>                <\/a>\r\n                \r\n        <\/div>\r\n        [\/vc_column_inner][\/vc_row_inner][\/vc_column][vc_column width=&#8221;1\/3&#8243;]\r\n<div class=\"banner-advs   \">\r\n        <a href=\"#\" class=\"adv-thumb-link\">    <img loading=\"lazy\" decoding=\"async\" width=\"702\" height=\"482\" src=\"https:\/\/pavechocolats.com\/wp-content\/uploads\/2020\/09\/HP-Image.jpg\" class=\"attachment-full size-full\" alt=\"\" srcset=\"https:\/\/pavechocolats.com\/wp-content\/uploads\/2020\/09\/HP-Image.jpg 702w, https:\/\/pavechocolats.com\/wp-content\/uploads\/2020\/09\/HP-Image-600x412.jpg 600w, https:\/\/pavechocolats.com\/wp-content\/uploads\/2020\/09\/HP-Image-300x206.jpg 300w\" sizes=\"(max-width: 702px) 100vw, 702px\" \/>    <\/a><\/div>[\/vc_column][vc_column width=&#8221;1\/3&#8243;][vc_row_inner][vc_column_inner el_class=&#8221;kc-sv&#8221; width=&#8221;1\/2&#8243; offset=&#8221;vc_col-md-12&#8243;]        <div class=\"item-service-style2 reverse element-servicestyle2\">\r\n            <div class=\"info-service\">\r\n                                    <h3 class=\"title24 font-title\">\r\n                        <a class=\"color-title\" href=\"#\" target=\"_parent\">\r\n                            Emball\u00e9, c&#039;est prot\u00e9g\u00e9!                        <\/a>\r\n                    <\/h3>\r\n                                    <p class=\"title14 description\">A chaque \u00e9tape, nous respectons la noblesse du produit et lui apportons le plus grand soin. Nous l'emballons individuellement pour emprisonner le go\u00fbt au plus profond de chaque bouch\u00e9e...Ainsi il restera au meilleur de sa qualit\u00e9 et...pour des raisons d'hygi\u00e8ne et de manipulation: Garantir votre s\u00e9curit\u00e9.<\/p>            <\/div>\r\n                            <a  class=\"icon-link \" href=\"#\" onclick=\"return false;\" target=\"_parent\" title=\"\">\r\n                    <img loading=\"lazy\" decoding=\"async\" width=\"80\" height=\"89\" src=\"https:\/\/pavechocolats.com\/wp-content\/uploads\/2021\/11\/emballe-c_est-protege.png\" class=\"attachment-full size-full\" alt=\"\" \/>                <\/a>\r\n                \r\n        <\/div>\r\n                <div class=\"item-service-style2 reverse element-servicestyle2\">\r\n            <div class=\"info-service\">\r\n                                    <h3 class=\"title24 font-title\">\r\n                        <a class=\"color-title\" href=\"#\" target=\"_parent\">\r\n                            Le tour du monde en 3 ou 40 jours?                        <\/a>\r\n                    <\/h3>\r\n                                    <p class=\"title14 description\">Business Class Chocolate: Nous faisons fierement le choix, tres couteux certes, de ramener notre Chocolat par avion dans des conditions hautement contr\u00f4l\u00e9es. 3 jours seulement s\u00e9parent l'usine de votre gourmandise pour une fraicheur in\u00e9gal\u00e9e, au lieu de se balader en mer dans un conteneur pendant 40 jours...<\/p>            <\/div>\r\n                            <a  class=\"icon-link \" href=\"#\" onclick=\"return false;\" target=\"_parent\" title=\"\">\r\n                    <img loading=\"lazy\" decoding=\"async\" width=\"80\" height=\"89\" src=\"https:\/\/pavechocolats.com\/wp-content\/uploads\/2021\/11\/le-tour-du-monde-en-3-ou-40-jours.png\" class=\"attachment-full size-full\" alt=\"\" \/>                <\/a>\r\n                \r\n        <\/div>\r\n        [\/vc_column_inner][vc_column_inner width=&#8221;1\/2&#8243; offset=&#8221;vc_col-md-12&#8243;]        <div class=\"item-service-style2 reverse element-servicestyle2\">\r\n            <div class=\"info-service\">\r\n                                    <h3 class=\"title24 font-title\">\r\n                        <a class=\"color-title\" href=\"#\" target=\"_parent\">\r\n                            Fiers de nos racines                        <\/a>\r\n                    <\/h3>\r\n                                    <p class=\"title14 description\">Chacune de nos cr\u00e9ations puise sa force et son caract\u00e8re dans notre h\u00e9ritage. Un savoir vivre \u00e0 la marocaine que nous sommes ravis de faire rayonner \u00e0 notre mani\u00e8re.<\/p>            <\/div>\r\n                            <a  class=\"icon-link \" href=\"#\" onclick=\"return false;\" target=\"_parent\" title=\"\">\r\n                    <img loading=\"lazy\" decoding=\"async\" width=\"80\" height=\"89\" src=\"https:\/\/pavechocolats.com\/wp-content\/uploads\/2021\/11\/fiers-de-nos-racines.png\" class=\"attachment-full size-full\" alt=\"\" \/>                <\/a>\r\n                \r\n        <\/div>\r\n        [\/vc_column_inner][\/vc_row_inner][\/vc_column][\/vc_row][vc_row full_width=&#8221;stretch_row_content_no_spaces&#8221; content_placement=&#8221;middle&#8221; css_animation=&#8221;fadeInUp&#8221;][vc_column]    <div  class=\"element-text-block  banner-hours text-center vc_custom_1647444179677\" >\r\n        <h3 class=\"title24 color-title font-title\">34, Rue Attabari, Casablanca, Morocco<\/h3>\n<p class=\"title14\"><span class=\"color-title\">MOBILE TEL \/ WHATSAPP:<\/span> +212.6.61.91.93.36<\/p>\n<p class=\"title14\"><span class=\"color-title\">E-MAIL:<\/span> contact@pavechocolats.com<\/p>\n<h3><\/h3>\n<h3 class=\"title36 color-title font-title\">Opening Time<\/h3>\n<p class=\"font_8 font_7\">Monday to Saturday: 9:30 a.m. \u2013 7:30 p.m.<br \/>\nSunday: 10:30 a.m. \u2013 6:30 p.m.<\/p>\n    <\/div>\r\n[\/vc_column][\/vc_row][vc_row full_width=&#8221;stretch_row_content_no_spaces&#8221;][vc_column]\r\n<div class=\"banner-advs   zoom-image\">\r\n        <a href=\"#\" class=\"adv-thumb-link\">    <img loading=\"lazy\" decoding=\"async\" width=\"1840\" height=\"312\" src=\"https:\/\/pavechocolats.com\/wp-content\/uploads\/2020\/09\/Image-Slider-4-min.jpg\" class=\"attachment-full size-full\" alt=\"\" srcset=\"https:\/\/pavechocolats.com\/wp-content\/uploads\/2020\/09\/Image-Slider-4-min.jpg 1840w, https:\/\/pavechocolats.com\/wp-content\/uploads\/2020\/09\/Image-Slider-4-min-600x102.jpg 600w, https:\/\/pavechocolats.com\/wp-content\/uploads\/2020\/09\/Image-Slider-4-min-300x51.jpg 300w, https:\/\/pavechocolats.com\/wp-content\/uploads\/2020\/09\/Image-Slider-4-min-1024x174.jpg 1024w, https:\/\/pavechocolats.com\/wp-content\/uploads\/2020\/09\/Image-Slider-4-min-768x130.jpg 768w, https:\/\/pavechocolats.com\/wp-content\/uploads\/2020\/09\/Image-Slider-4-min-1536x260.jpg 1536w\" sizes=\"(max-width: 1840px) 100vw, 1840px\" \/>    <\/a><\/div>[\/vc_column][\/vc_row]<\/p>\n<\/div>","protected":false},"excerpt":{"rendered":"<p>[vc_row css_animation=&#8221;fadeInUp&#8221; el_class=&#8221;padding-top-about-page&#8221;][vc_column width=&#8221;1\/6&#8243;][\/vc_column][vc_column width=&#8221;2\/3&#8243;][\/vc_column][vc_column width=&#8221;1\/6&#8243;][\/vc_column][\/vc_row][vc_row full_width=&#8221;stretch_row_content&#8221; disable_element=&#8221;yes&#8221; css=&#8221;.vc_custom_1647444096543{padding-top: 100px !important;padding-right: 50px !important;padding-left: 50px !important;}&#8221;][vc_column width=&#8221;1\/3&#8243;][vc_row_inner][vc_column_inner el_class=&#8221;kc-sv&#8221; width=&#8221;1\/2&#8243; offset=&#8221;vc_col-md-12&#8243;][\/vc_column_inner][vc_column_inner width=&#8221;1\/2&#8243; offset=&#8221;vc_col-md-12&#8243;][\/vc_column_inner][\/vc_row_inner][\/vc_column][vc_column width=&#8221;1\/3&#8243;][\/vc_column][vc_column width=&#8221;1\/3&#8243;][vc_row_inner][vc_column_inner el_class=&#8221;kc-sv&#8221; width=&#8221;1\/2&#8243; offset=&#8221;vc_col-md-12&#8243;][\/vc_column_inner][vc_column_inner width=&#8221;1\/2&#8243; offset=&#8221;vc_col-md-12&#8243;][\/vc_column_inner][\/vc_row_inner][\/vc_column][\/vc_row][vc_row full_width=&#8221;stretch_row_content_no_spaces&#8221; content_placement=&#8221;middle&#8221; css_animation=&#8221;fadeInUp&#8221;][vc_column][\/vc_column][\/vc_row][vc_row full_width=&#8221;stretch_row_content_no_spaces&#8221;][vc_column][\/vc_column][\/vc_row]<\/p>\n","protected":false},"author":1,"featured_media":0,"parent":0,"menu_order":0,"comment_status":"closed","ping_status":"closed","template":"visual-template.php","meta":{"sfsi_plus_gutenberg_text_before_share":"","sfsi_plus_gutenberg_show_text_before_share":"","sfsi_plus_gutenberg_icon_type":"","sfsi_plus_gutenberg_icon_alignemt":"","sfsi_plus_gutenburg_max_per_row":"","footnotes":""},"class_list":["post-11183","page","type-page","status-publish","hentry"],"yoast_head":"<!-- This site is optimized with the Yoast SEO plugin v26.5 - https:\/\/yoast.com\/wordpress\/plugins\/seo\/ -->\n<title>The Brand - Pav\u00e9 Chocolats<\/title>\n<meta name=\"robots\" content=\"index, follow, max-snippet:-1, max-image-preview:large, max-video-preview:-1\" \/>\n<link rel=\"canonical\" href=\"https:\/\/pavechocolats.com\/en\/the-house\/\" \/>\n<meta property=\"og:locale\" content=\"en_US\" \/>\n<meta property=\"og:type\" content=\"article\" \/>\n<meta property=\"og:title\" content=\"The Brand - Pav\u00e9 Chocolats\" \/>\n<meta property=\"og:description\" content=\"[vc_row css_animation=&#8221;fadeInUp&#8221; el_class=&#8221;padding-top-about-page&#8221;][vc_column width=&#8221;1\/6&#8243;][\/vc_column][vc_column width=&#8221;2\/3&#8243;][\/vc_column][vc_column width=&#8221;1\/6&#8243;][\/vc_column][\/vc_row][vc_row full_width=&#8221;stretch_row_content&#8221; disable_element=&#8221;yes&#8221; css=&#8221;.vc_custom_1647444096543{padding-top: 100px !important;padding-right: 50px !important;padding-left: 50px !important;}&#8221;][vc_column width=&#8221;1\/3&#8243;][vc_row_inner][vc_column_inner el_class=&#8221;kc-sv&#8221; width=&#8221;1\/2&#8243; offset=&#8221;vc_col-md-12&#8243;][\/vc_column_inner][vc_column_inner width=&#8221;1\/2&#8243; offset=&#8221;vc_col-md-12&#8243;][\/vc_column_inner][\/vc_row_inner][\/vc_column][vc_column width=&#8221;1\/3&#8243;][\/vc_column][vc_column width=&#8221;1\/3&#8243;][vc_row_inner][vc_column_inner el_class=&#8221;kc-sv&#8221; width=&#8221;1\/2&#8243; offset=&#8221;vc_col-md-12&#8243;][\/vc_column_inner][vc_column_inner width=&#8221;1\/2&#8243; offset=&#8221;vc_col-md-12&#8243;][\/vc_column_inner][\/vc_row_inner][\/vc_column][\/vc_row][vc_row full_width=&#8221;stretch_row_content_no_spaces&#8221; content_placement=&#8221;middle&#8221; css_animation=&#8221;fadeInUp&#8221;][vc_column][\/vc_column][\/vc_row][vc_row full_width=&#8221;stretch_row_content_no_spaces&#8221;][vc_column][\/vc_column][\/vc_row]\" \/>\n<meta property=\"og:url\" content=\"https:\/\/pavechocolats.com\/en\/the-house\/\" \/>\n<meta property=\"og:site_name\" content=\"Pav\u00e9 Chocolats\" \/>\n<meta property=\"article:publisher\" content=\"https:\/\/www.facebook.com\/pavechocolats\/\" \/>\n<meta property=\"article:modified_time\" content=\"2022-03-16T15:24:12+00:00\" \/>\n<meta property=\"og:image\" content=\"https:\/\/pavechocolats.com\/wp-content\/uploads\/2022\/04\/image_2022-04-06_104844.png\" \/>\n\t<meta property=\"og:image:width\" content=\"3632\" \/>\n\t<meta property=\"og:image:height\" content=\"1706\" \/>\n\t<meta property=\"og:image:type\" content=\"image\/png\" \/>\n<meta name=\"twitter:card\" content=\"summary_large_image\" \/>\n<meta name=\"twitter:label1\" content=\"Est. reading time\" \/>\n\t<meta name=\"twitter:data1\" content=\"5 minutes\" \/>\n<script type=\"application\/ld+json\" class=\"yoast-schema-graph\">{\"@context\":\"https:\/\/schema.org\",\"@graph\":[{\"@type\":\"WebPage\",\"@id\":\"https:\/\/pavechocolats.com\/en\/the-house\/\",\"url\":\"https:\/\/pavechocolats.com\/en\/the-house\/\",\"name\":\"The Brand - Pav\u00e9 Chocolats\",\"isPartOf\":{\"@id\":\"https:\/\/pavechocolats.com\/en\/#website\"},\"datePublished\":\"2022-01-11T23:50:09+00:00\",\"dateModified\":\"2022-03-16T15:24:12+00:00\",\"breadcrumb\":{\"@id\":\"https:\/\/pavechocolats.com\/en\/the-house\/#breadcrumb\"},\"inLanguage\":\"en-US\",\"potentialAction\":[{\"@type\":\"ReadAction\",\"target\":[\"https:\/\/pavechocolats.com\/en\/the-house\/\"]}]},{\"@type\":\"BreadcrumbList\",\"@id\":\"https:\/\/pavechocolats.com\/en\/the-house\/#breadcrumb\",\"itemListElement\":[{\"@type\":\"ListItem\",\"position\":1,\"name\":\"Accueil\",\"item\":\"https:\/\/pavechocolats.com\/en\/pave-chocolates\/\"},{\"@type\":\"ListItem\",\"position\":2,\"name\":\"The Brand\"}]},{\"@type\":\"WebSite\",\"@id\":\"https:\/\/pavechocolats.com\/en\/#website\",\"url\":\"https:\/\/pavechocolats.com\/en\/\",\"name\":\"Pav\u00e9 Chocolats\",\"description\":\"\",\"publisher\":{\"@id\":\"https:\/\/pavechocolats.com\/en\/#organization\"},\"potentialAction\":[{\"@type\":\"SearchAction\",\"target\":{\"@type\":\"EntryPoint\",\"urlTemplate\":\"https:\/\/pavechocolats.com\/en\/?s={search_term_string}\"},\"query-input\":{\"@type\":\"PropertyValueSpecification\",\"valueRequired\":true,\"valueName\":\"search_term_string\"}}],\"inLanguage\":\"en-US\"},{\"@type\":\"Organization\",\"@id\":\"https:\/\/pavechocolats.com\/en\/#organization\",\"name\":\"Pav\u00e9 Chocolats\",\"url\":\"https:\/\/pavechocolats.com\/en\/\",\"logo\":{\"@type\":\"ImageObject\",\"inLanguage\":\"en-US\",\"@id\":\"https:\/\/pavechocolats.com\/en\/#\/schema\/logo\/image\/\",\"url\":\"https:\/\/pavechocolats.com\/wp-content\/uploads\/2025\/11\/Pave-New-Logo.svg\",\"contentUrl\":\"https:\/\/pavechocolats.com\/wp-content\/uploads\/2025\/11\/Pave-New-Logo.svg\",\"width\":1,\"height\":1,\"caption\":\"Pav\u00e9 Chocolats\"},\"image\":{\"@id\":\"https:\/\/pavechocolats.com\/en\/#\/schema\/logo\/image\/\"},\"sameAs\":[\"https:\/\/www.facebook.com\/pavechocolats\/\",\"https:\/\/www.instagram.com\/pavechocolats\"]}]}<\/script>\n<!-- \/ Yoast SEO plugin. -->","yoast_head_json":{"title":"The Brand - Pav\u00e9 Chocolats","robots":{"index":"index","follow":"follow","max-snippet":"max-snippet:-1","max-image-preview":"max-image-preview:large","max-video-preview":"max-video-preview:-1"},"canonical":"https:\/\/pavechocolats.com\/en\/the-house\/","og_locale":"en_US","og_type":"article","og_title":"The Brand - Pav\u00e9 Chocolats","og_description":"[vc_row css_animation=&#8221;fadeInUp&#8221; el_class=&#8221;padding-top-about-page&#8221;][vc_column width=&#8221;1\/6&#8243;][\/vc_column][vc_column width=&#8221;2\/3&#8243;][\/vc_column][vc_column width=&#8221;1\/6&#8243;][\/vc_column][\/vc_row][vc_row full_width=&#8221;stretch_row_content&#8221; disable_element=&#8221;yes&#8221; css=&#8221;.vc_custom_1647444096543{padding-top: 100px !important;padding-right: 50px !important;padding-left: 50px !important;}&#8221;][vc_column width=&#8221;1\/3&#8243;][vc_row_inner][vc_column_inner el_class=&#8221;kc-sv&#8221; width=&#8221;1\/2&#8243; offset=&#8221;vc_col-md-12&#8243;][\/vc_column_inner][vc_column_inner width=&#8221;1\/2&#8243; offset=&#8221;vc_col-md-12&#8243;][\/vc_column_inner][\/vc_row_inner][\/vc_column][vc_column width=&#8221;1\/3&#8243;][\/vc_column][vc_column width=&#8221;1\/3&#8243;][vc_row_inner][vc_column_inner el_class=&#8221;kc-sv&#8221; width=&#8221;1\/2&#8243; offset=&#8221;vc_col-md-12&#8243;][\/vc_column_inner][vc_column_inner width=&#8221;1\/2&#8243; offset=&#8221;vc_col-md-12&#8243;][\/vc_column_inner][\/vc_row_inner][\/vc_column][\/vc_row][vc_row full_width=&#8221;stretch_row_content_no_spaces&#8221; content_placement=&#8221;middle&#8221; css_animation=&#8221;fadeInUp&#8221;][vc_column][\/vc_column][\/vc_row][vc_row full_width=&#8221;stretch_row_content_no_spaces&#8221;][vc_column][\/vc_column][\/vc_row]","og_url":"https:\/\/pavechocolats.com\/en\/the-house\/","og_site_name":"Pav\u00e9 Chocolats","article_publisher":"https:\/\/www.facebook.com\/pavechocolats\/","article_modified_time":"2022-03-16T15:24:12+00:00","og_image":[{"width":3632,"height":1706,"url":"https:\/\/pavechocolats.com\/wp-content\/uploads\/2022\/04\/image_2022-04-06_104844.png","type":"image\/png"}],"twitter_card":"summary_large_image","twitter_misc":{"Est. reading time":"5 minutes"},"schema":{"@context":"https:\/\/schema.org","@graph":[{"@type":"WebPage","@id":"https:\/\/pavechocolats.com\/en\/the-house\/","url":"https:\/\/pavechocolats.com\/en\/the-house\/","name":"The Brand - Pav\u00e9 Chocolats","isPartOf":{"@id":"https:\/\/pavechocolats.com\/en\/#website"},"datePublished":"2022-01-11T23:50:09+00:00","dateModified":"2022-03-16T15:24:12+00:00","breadcrumb":{"@id":"https:\/\/pavechocolats.com\/en\/the-house\/#breadcrumb"},"inLanguage":"en-US","potentialAction":[{"@type":"ReadAction","target":["https:\/\/pavechocolats.com\/en\/the-house\/"]}]},{"@type":"BreadcrumbList","@id":"https:\/\/pavechocolats.com\/en\/the-house\/#breadcrumb","itemListElement":[{"@type":"ListItem","position":1,"name":"Accueil","item":"https:\/\/pavechocolats.com\/en\/pave-chocolates\/"},{"@type":"ListItem","position":2,"name":"The Brand"}]},{"@type":"WebSite","@id":"https:\/\/pavechocolats.com\/en\/#website","url":"https:\/\/pavechocolats.com\/en\/","name":"Pav\u00e9 Chocolats","description":"","publisher":{"@id":"https:\/\/pavechocolats.com\/en\/#organization"},"potentialAction":[{"@type":"SearchAction","target":{"@type":"EntryPoint","urlTemplate":"https:\/\/pavechocolats.com\/en\/?s={search_term_string}"},"query-input":{"@type":"PropertyValueSpecification","valueRequired":true,"valueName":"search_term_string"}}],"inLanguage":"en-US"},{"@type":"Organization","@id":"https:\/\/pavechocolats.com\/en\/#organization","name":"Pav\u00e9 Chocolats","url":"https:\/\/pavechocolats.com\/en\/","logo":{"@type":"ImageObject","inLanguage":"en-US","@id":"https:\/\/pavechocolats.com\/en\/#\/schema\/logo\/image\/","url":"https:\/\/pavechocolats.com\/wp-content\/uploads\/2025\/11\/Pave-New-Logo.svg","contentUrl":"https:\/\/pavechocolats.com\/wp-content\/uploads\/2025\/11\/Pave-New-Logo.svg","width":1,"height":1,"caption":"Pav\u00e9 Chocolats"},"image":{"@id":"https:\/\/pavechocolats.com\/en\/#\/schema\/logo\/image\/"},"sameAs":["https:\/\/www.facebook.com\/pavechocolats\/","https:\/\/www.instagram.com\/pavechocolats"]}]}},"_links":{"self":[{"href":"https:\/\/pavechocolats.com\/en\/wp-json\/wp\/v2\/pages\/11183","targetHints":{"allow":["GET"]}}],"collection":[{"href":"https:\/\/pavechocolats.com\/en\/wp-json\/wp\/v2\/pages"}],"about":[{"href":"https:\/\/pavechocolats.com\/en\/wp-json\/wp\/v2\/types\/page"}],"author":[{"embeddable":true,"href":"https:\/\/pavechocolats.com\/en\/wp-json\/wp\/v2\/users\/1"}],"replies":[{"embeddable":true,"href":"https:\/\/pavechocolats.com\/en\/wp-json\/wp\/v2\/comments?post=11183"}],"version-history":[{"count":4,"href":"https:\/\/pavechocolats.com\/en\/wp-json\/wp\/v2\/pages\/11183\/revisions"}],"predecessor-version":[{"id":17045,"href":"https:\/\/pavechocolats.com\/en\/wp-json\/wp\/v2\/pages\/11183\/revisions\/17045"}],"wp:attachment":[{"href":"https:\/\/pavechocolats.com\/en\/wp-json\/wp\/v2\/media?parent=11183"}],"curies":[{"name":"wp","href":"https:\/\/api.w.org\/{rel}","templated":true}]}}